{"id":987498782,"date":"2023-01-30T11:57:32","date_gmt":"2023-01-30T10:57:32","guid":{"rendered":"https:\/\/ollemarketing.com\/slutord\/"},"modified":"2024-10-24T15:37:10","modified_gmt":"2024-10-24T13:37:10","slug":"slutord","status":"publish","type":"page","link":"https:\/\/ollemarketing.com\/sv\/slutord\/","title":{"rendered":"Slutord"},"content":{"rendered":"<p>[et_pb_section fb_built=&#8221;1&#8243; _builder_version=&#8221;4.19.4&#8243; _module_preset=&#8221;default&#8221; background_color=&#8221;#FFFFFF&#8221; use_background_color_gradient=&#8221;on&#8221; background_color_gradient_direction=&#8221;90deg&#8221; background_color_gradient_stops=&#8221;rgba(0,0,0,0.82) 0%|rgba(0,0,0,0.22) 100%&#8221; background_color_gradient_overlays_image=&#8221;on&#8221; background_color_gradient_start=&#8221;rgba(0,0,0,0.82)&#8221; background_color_gradient_end=&#8221;rgba(0,0,0,0.22)&#8221; background_image=&#8221;https:\/\/ollemarketing.com\/wp-content\/uploads\/2023\/01\/AdobeStock_410611650-scaled.webp&#8221; custom_padding=&#8221;237px||326px|||&#8221; top_divider_height_tablet=&#8221;50px&#8221; top_divider_height_phone=&#8221;25px&#8221; top_divider_height_last_edited=&#8221;on|phone&#8221; bottom_divider_style=&#8221;asymmetric3&#8243; bottom_divider_color=&#8221;#FFFFFF&#8221; global_colors_info=&#8221;{}&#8221;][et_pb_row _builder_version=&#8221;4.16&#8243; _module_preset=&#8221;default&#8221; custom_padding=&#8221;10px|||||&#8221; global_colors_info=&#8221;{}&#8221;][et_pb_column type=&#8221;4_4&#8243; _builder_version=&#8221;4.16&#8243; _module_preset=&#8221;default&#8221; global_colors_info=&#8221;{}&#8221;][et_pb_text _builder_version=&#8221;4.20.1&#8243; _module_preset=&#8221;default&#8221; text_text_color=&#8221;#E5E5E5&#8243; text_font_size=&#8221;23px&#8221; header_font_size=&#8221;100px&#8221; width=&#8221;93%&#8221; min_height=&#8221;83.8px&#8221; custom_margin=&#8221;|||0px||&#8221; custom_padding=&#8221;0px|25%|0px||false|false&#8221; global_colors_info=&#8221;{}&#8221;]<\/p>\n<h1>Search Engine Optimization<\/h1>\n<p>#13 Vid det h\u00e4r laget har du f\u00e5tt en hel del kunskap om SEO och dess betydelse. Vad ska du g\u00f6ra h\u00e4rn\u00e4st?<\/p>\n<p>[\/et_pb_text][\/et_pb_column][\/et_pb_row][\/et_pb_section][et_pb_section fb_built=&#8221;1&#8243; _builder_version=&#8221;4.19.4&#8243; _module_preset=&#8221;default&#8221; global_colors_info=&#8221;{}&#8221;][et_pb_row _builder_version=&#8221;4.19.4&#8243; _module_preset=&#8221;default&#8221; global_colors_info=&#8221;{}&#8221;][et_pb_column type=&#8221;4_4&#8243; _builder_version=&#8221;4.19.4&#8243; _module_preset=&#8221;default&#8221; global_colors_info=&#8221;{}&#8221;][et_pb_text _builder_version=&#8221;4.27.0&#8243; _module_preset=&#8221;default&#8221; header_text_color=&#8221;#000000&#8243; header_2_font_size=&#8221;66px&#8221; global_colors_info=&#8221;{}&#8221;]<\/p>\n<h2>Avslutande ord<\/h2>\n<p>[\/et_pb_text][et_pb_text _builder_version=&#8221;4.24.1&#8243; _module_preset=&#8221;default&#8221; custom_margin=&#8221;-20px||||false|false&#8221; global_colors_info=&#8221;{}&#8221;]<\/p>\n<p>Vid det h\u00e4r laget borde du veta en hel del om hur <a href=\"https:\/\/ollemarketing.com\/sv\/hur-rankar-sokmotorer-urler\/\" target=\"_blank\" rel=\"noopener\">s\u00f6kmotorer rankar<\/a> webbplatser och hur du kan positionera din egen webbplats och ditt f\u00f6retag f\u00f6r att generera mer s\u00f6ktrafik fr\u00e5n s\u00f6kmotorer som Google.<\/p>\n<p>Vad kan du g\u00f6ra h\u00e4rn\u00e4st?<\/p>\n<p>B\u00f6rja med att prioritera din tid och energi! Ingen webbplats g\u00f6r ett perfekt jobb med att svara p\u00e5 Googles s\u00f6kalgoritmer. Fokusera p\u00e5 det du g\u00f6r bra, det du har budget och resurser f\u00f6r och det som ger ditt f\u00f6retag den b\u00e4sta avkastningen p\u00e5 din investering.<\/p>\n<p>[\/et_pb_text][et_pb_image src=&#8221;https:\/\/ollemarketing.com\/wp-content\/uploads\/2023\/01\/AdobeStock_513382424-scaled.webp&#8221; alt=&#8221;Tr\u00e4stolpe med skyltar med texter marknadsf\u00f6ring reklam webbplats sociala medier seo.&#8221; title_text=&#8221;seo-digital-marknadsf\u00f6ring-manga-omraden-vagvisare&#8221; force_fullwidth=&#8221;on&#8221; _builder_version=&#8221;4.19.5&#8243; _module_preset=&#8221;default&#8221; height=&#8221;528px&#8221; custom_margin=&#8221;43px||||false|false&#8221; global_colors_info=&#8221;{}&#8221;][\/et_pb_image][et_pb_text _builder_version=&#8221;4.24.1&#8243; _module_preset=&#8221;default&#8221; custom_margin=&#8221;50px||||false|false&#8221; global_colors_info=&#8221;{}&#8221;]<\/p>\n<p>Om du \u00e4r bra p\u00e5 att skapa och marknadsf\u00f6ra inneh\u00e5ll kan du best\u00e4mma vilka s\u00f6kord du ska satsa p\u00e5 och fokusera dina anstr\u00e4ngningar d\u00e4r.<\/p>\n<p>Om du har en stor och komplex webbplats b\u00f6r du fokusera p\u00e5 teknisk SEO.<\/p>\n<p>Om du \u00e4r ett litet f\u00f6retag b\u00f6r du f\u00f6rmodligen prioritera att svara p\u00e5 Google Local Business och sedan fokusera p\u00e5 andra SEO-insatser.<\/p>\n<p>Kom alltid ih\u00e5g att det slutliga m\u00e5let med alla SEO-insatser \u00e4r att f\u00e5 mer exponering och trafik f\u00f6r ditt f\u00f6retag eller inneh\u00e5llet p\u00e5 din webbplats. Leta efter s\u00e4tt som s\u00f6kmotortrafik kan hj\u00e4lpa ditt f\u00f6retag och din webbplats: jaga inte bara de senaste SEO-buzzworden eller hoppa varje g\u00e5ng Google g\u00f6r en rekommendation som kan f\u00f6rb\u00e4ttra din s\u00f6krankning men skada din \u00f6vergripande verksamhet.<\/p>\n<p>[\/et_pb_text][\/et_pb_column][\/et_pb_row][\/et_pb_section][et_pb_section fb_built=&#8221;1&#8243; admin_label=&#8221;Section&#8221; _builder_version=&#8221;4.19.5&#8243; _module_preset=&#8221;default&#8221; background_color=&#8221;#FFFFFF&#8221; custom_margin=&#8221;0px||||false|false&#8221; custom_padding=&#8221;0px||69px||false|false&#8221; saved_tabs=&#8221;all&#8221; global_colors_info=&#8221;{}&#8221;][et_pb_row custom_padding_last_edited=&#8221;on|desktop&#8221; _builder_version=&#8221;4.19.5&#8243; _module_preset=&#8221;93ca1b63-967e-40a5-bb68-ea75235a0221&#8243; custom_margin=&#8221;||||false|false&#8221; custom_padding=&#8221;0px||20px||false|false&#8221; custom_padding_tablet=&#8221;||0px||false|false&#8221; custom_padding_phone=&#8221;||0px||false|false&#8221; global_colors_info=&#8221;{}&#8221;][et_pb_column type=&#8221;4_4&#8243; _builder_version=&#8221;4.19.5&#8243; _module_preset=&#8221;default&#8221; global_colors_info=&#8221;{}&#8221;][et_pb_divider color=&#8221;#C2AB92&#8243; _builder_version=&#8221;4.19.5&#8243; _module_preset=&#8221;default&#8221; global_colors_info=&#8221;{}&#8221;][\/et_pb_divider][et_pb_text _builder_version=&#8221;4.27.0&#8243; _module_preset=&#8221;5fb3ab8f-b5ce-4f12-8a83-23cb1fd94198&#8243; header_text_color=&#8221;#333333&#8243; hover_enabled=&#8221;0&#8243; global_colors_info=&#8221;{}&#8221; header_2_font_size=&#8221;66px&#8221; sticky_enabled=&#8221;0&#8243;]<\/p>\n<h2>Jag kan hj\u00e4lpa dig!<\/h2>\n<p>[\/et_pb_text][\/et_pb_column][\/et_pb_row][et_pb_row column_structure=&#8221;2_3,1_3&#8243; _builder_version=&#8221;4.19.5&#8243; _module_preset=&#8221;93ca1b63-967e-40a5-bb68-ea75235a0221&#8243; custom_margin=&#8221;0px|auto|0px|auto|false|false&#8221; custom_padding=&#8221;||0px||false|false&#8221; global_colors_info=&#8221;{}&#8221;][et_pb_column type=&#8221;2_3&#8243; _builder_version=&#8221;4.19.5&#8243; _module_preset=&#8221;default&#8221; global_colors_info=&#8221;{}&#8221;][et_pb_text _builder_version=&#8221;4.24.1&#8243; _module_preset=&#8221;5fb3ab8f-b5ce-4f12-8a83-23cb1fd94198&#8243; custom_margin=&#8221;||0px||false|false&#8221; custom_padding=&#8221;||20px||false|false&#8221; global_colors_info=&#8221;{}&#8221;]<\/p>\n<p>L\u00e5t oss jobba tillsammans f\u00f6r att ge ditt f\u00f6retag en effektiv online-n\u00e4rvaro genom din webbplats! Jag kan hj\u00e4lpa dig planera och genomf\u00f6ra marknadsf\u00f6rings aktiviteter som ger verkliga resultat f\u00f6r synligheten f\u00f6r dina l\u00f6sningar samt f\u00f6rb\u00e4ttrar ditt varum\u00e4rke.<\/p>\n<p>Jag erbjuder tj\u00e4nster inom nedanst\u00e5ende omr\u00e5den. Klicka p\u00e5 l\u00e4nkarna f\u00f6r att l\u00e4sa mer.<\/p>\n<p>[\/et_pb_text][et_pb_text _builder_version=&#8221;4.24.1&#8243; _module_preset=&#8221;5fb3ab8f-b5ce-4f12-8a83-23cb1fd94198&#8243; custom_margin=&#8221;||0px||false|false&#8221; custom_padding=&#8221;||0px||false|false&#8221; global_colors_info=&#8221;{}&#8221;]<\/p>\n<ul>\n<li style=\"list-style-type: none;\">\n<ul>\n<li><a href=\"https:\/\/ollemarketing.com\/sv\/valkommen-till-denna-omfattande-seo-oversikt\/\">S\u00f6kmotors Optimering SEO<\/a><\/li>\n<li><a href=\"https:\/\/ollemarketing.com\/sv\/web-traffic-analytics\/\">Analys webb trafik &#8211; Google Analytics 4<\/a><\/li>\n<li><a href=\"https:\/\/ollemarketing.com\/sv\/vad-ar-inbound-marketing\/\">Inbound Marketing<\/a><\/li>\n<li><a href=\"https:\/\/ollemarketing.com\/sv\/sem\/\">S\u00f6kmotors Marketing SEM<\/a><\/li>\n<li><a href=\"https:\/\/ollemarketing.com\/sv\/digital-marketing\/\">Digital Marketing<\/a><\/li>\n<li><a href=\"https:\/\/ollemarketing.com\/sv\/project-management\/\">Projekt Ledning<\/a><\/li>\n<\/ul>\n<\/li>\n<\/ul>\n<p>[\/et_pb_text][\/et_pb_column][et_pb_column type=&#8221;1_3&#8243; _builder_version=&#8221;4.19.5&#8243; _module_preset=&#8221;default&#8221; background_enable_image=&#8221;off&#8221; background_size=&#8221;contain&#8221; background_last_edited=&#8221;off|desktop&#8221; global_colors_info=&#8221;{}&#8221;][et_pb_image src=&#8221;https:\/\/ollemarketing.com\/wp-content\/uploads\/2023\/02\/Olle-Roos-041-2-version-2.webp&#8221; title_text=&#8221;Olle Roos-041-2 version 2&#8243; src_tablet=&#8221;https:\/\/ollemarketing.com\/wp-content\/uploads\/2023\/02\/Olle-Roos-041-2-version-2.webp&#8221; src_last_edited=&#8221;off|desktop&#8221; align_tablet=&#8221;center&#8221; align_phone=&#8221;center&#8221; align_last_edited=&#8221;on|phone&#8221; _builder_version=&#8221;4.19.5&#8243; _module_preset=&#8221;default&#8221; module_alignment=&#8221;center&#8221; max_height=&#8221;280px&#8221; max_height_tablet=&#8221;408px&#8221; max_height_phone=&#8221;408px&#8221; max_height_last_edited=&#8221;on|tablet&#8221; custom_margin=&#8221;||||false|false&#8221; global_colors_info=&#8221;{}&#8221;][\/et_pb_image][\/et_pb_column][\/et_pb_row][et_pb_row column_structure=&#8221;1_2,1_4,1_4&#8243; _builder_version=&#8221;4.19.5&#8243; _module_preset=&#8221;93ca1b63-967e-40a5-bb68-ea75235a0221&#8243; custom_margin=&#8221;0px||||false|false&#8221; custom_margin_tablet=&#8221;||||false|false&#8221; custom_margin_phone=&#8221;0px||||false|false&#8221; custom_margin_last_edited=&#8221;on|desktop&#8221; custom_padding=&#8221;0px||||false|false&#8221; global_colors_info=&#8221;{}&#8221;][et_pb_column type=&#8221;1_2&#8243; _builder_version=&#8221;4.19.5&#8243; _module_preset=&#8221;default&#8221; global_colors_info=&#8221;{}&#8221;][et_pb_text _builder_version=&#8221;4.24.1&#8243; _module_preset=&#8221;5fb3ab8f-b5ce-4f12-8a83-23cb1fd94198&#8243; custom_margin=&#8221;0px||||false|false&#8221; custom_padding=&#8221;0px||||false|false&#8221; custom_padding_tablet=&#8221;40px||||false|false&#8221; custom_padding_phone=&#8221;30px||||false|false&#8221; custom_padding_last_edited=&#8221;on|desktop&#8221; global_colors_info=&#8221;{}&#8221;]<\/p>\n<p><span>Kontakta mig s\u00e5 diskuterar vi dina funderingar, behov och fr\u00e5gor inom ovanst\u00e5ende omr\u00e5den!<\/span><\/p>\n<p>[\/et_pb_text][\/et_pb_column][et_pb_column type=&#8221;1_4&#8243; _builder_version=&#8221;4.19.5&#8243; _module_preset=&#8221;default&#8221; global_colors_info=&#8221;{}&#8221;][et_pb_button button_url=&#8221;@ET-DC@eyJkeW5hbWljIjp0cnVlLCJjb250ZW50IjoicG9zdF9saW5rX3VybF9wYWdlIiwic2V0dGluZ3MiOnsicG9zdF9pZCI6IjE3In19@&#8221; button_text=&#8221;Kontakta mig&#8221; button_alignment_tablet=&#8221;right&#8221; button_alignment_phone=&#8221;center&#8221; button_alignment_last_edited=&#8221;on|tablet&#8221; disabled_on=&#8221;off|off|off&#8221; _builder_version=&#8221;4.24.1&#8243; _dynamic_attributes=&#8221;button_url&#8221; _module_preset=&#8221;a65a4aec-9177-4e0a-b91a-4da7e65324c7&#8243; button_border_color=&#8221;#c2ab92&#8243; transform_translate=&#8221;0px|5px&#8221; transform_translate_linked=&#8221;off&#8221; custom_margin=&#8221;||||false|false&#8221; button_text_color_tablet=&#8221;#FFFFFF&#8221; button_text_color_phone=&#8221;#FFFFFF&#8221; button_text_color_last_edited=&#8221;on|phone&#8221; box_shadow_style=&#8221;preset3&#8243; global_colors_info=&#8221;{}&#8221; box_shadow_blur__hover_enabled=&#8221;on|hover&#8221; box_shadow_blur__hover=&#8221;80px&#8221;][\/et_pb_button][\/et_pb_column][et_pb_column type=&#8221;1_4&#8243; _builder_version=&#8221;4.19.5&#8243; _module_preset=&#8221;default&#8221; global_colors_info=&#8221;{}&#8221;][et_pb_button button_url=&#8221;@ET-DC@eyJkeW5hbWljIjp0cnVlLCJjb250ZW50IjoicG9zdF9saW5rX3VybF9wYWdlIiwic2V0dGluZ3MiOnsicG9zdF9pZCI6IjEzIn19@&#8221; button_text=&#8221;Om mig&#8221; button_alignment=&#8221;left&#8221; button_alignment_tablet=&#8221;right&#8221; button_alignment_phone=&#8221;center&#8221; button_alignment_last_edited=&#8221;on|phone&#8221; disabled_on=&#8221;off|off|off&#8221; _builder_version=&#8221;4.19.5&#8243; _dynamic_attributes=&#8221;button_url&#8221; _module_preset=&#8221;a65a4aec-9177-4e0a-b91a-4da7e65324c7&#8243; button_border_color=&#8221;#c2ab92&#8243; transform_translate=&#8221;0px|5px&#8221; transform_translate_linked=&#8221;off&#8221; custom_margin=&#8221;||||false|false&#8221; custom_margin_tablet=&#8221;||||false|false&#8221; custom_margin_phone=&#8221;||||false|false&#8221; custom_margin_last_edited=&#8221;on|phone&#8221; button_text_color_tablet=&#8221;#FFFFFF&#8221; button_text_color_phone=&#8221;#FFFFFF&#8221; button_text_color_last_edited=&#8221;on|phone&#8221; box_shadow_style=&#8221;preset3&#8243; global_colors_info=&#8221;{}&#8221; box_shadow_blur__hover_enabled=&#8221;on|hover&#8221; box_shadow_blur__hover=&#8221;80px&#8221;][\/et_pb_button][\/et_pb_column][\/et_pb_row][\/et_pb_section]<\/p>\n","protected":false},"excerpt":{"rendered":"<p>Uppt\u00e4ck SEO:s f\u00f6rdelar med v\u00e5r omfattande guide. Slutord som sammanfattar 12 kapitel om allt fr\u00e5n s\u00f6kordsforskning till l\u00e4nkbyggande.<\/p>\n","protected":false},"author":1,"featured_media":0,"parent":0,"menu_order":0,"comment_status":"closed","ping_status":"closed","template":"","meta":{"_et_pb_use_builder":"on","_et_pb_old_content":"","_et_gb_content_width":"","footnotes":""},"class_list":["post-987498782","page","type-page","status-publish","hentry"],"yoast_head":"<!-- This site is optimized with the Yoast SEO plugin v27.4 - https:\/\/yoast.com\/product\/yoast-seo-wordpress\/ -->\n<title>Slutord - Olle Marketing AB<\/title>\n<meta name=\"description\" content=\"Uppt\u00e4ck SEO:s f\u00f6rdelar med v\u00e5r omfattande guide. Slutord som sammanfattar 12 kapitel om allt fr\u00e5n s\u00f6kordsforskning till l\u00e4nkbyggande.\" \/>\n<meta name=\"robots\" content=\"index, follow, max-snippet:-1, max-image-preview:large, max-video-preview:-1\" \/>\n<link rel=\"canonical\" href=\"https:\/\/ollemarketing.com\/sv\/slutord\/\" \/>\n<meta property=\"og:locale\" content=\"sv_SE\" \/>\n<meta property=\"og:type\" content=\"article\" \/>\n<meta property=\"og:title\" content=\"Slutord - Olle Marketing AB\" \/>\n<meta property=\"og:description\" content=\"Uppt\u00e4ck SEO:s f\u00f6rdelar med v\u00e5r omfattande guide. Slutord som sammanfattar 12 kapitel om allt fr\u00e5n s\u00f6kordsforskning till l\u00e4nkbyggande.\" \/>\n<meta property=\"og:url\" content=\"https:\/\/ollemarketing.com\/sv\/slutord\/\" \/>\n<meta property=\"og:site_name\" content=\"Olle Marketing AB\" \/>\n<meta property=\"article:publisher\" content=\"https:\/\/www.facebook.com\/OlleMarketing\/\" \/>\n<meta property=\"article:modified_time\" content=\"2024-10-24T13:37:10+00:00\" \/>\n<meta property=\"og:image\" content=\"https:\/\/ollemarketing.com\/wp-content\/uploads\/2023\/02\/oolle-meta.png\" \/>\n\t<meta property=\"og:image:width\" content=\"1200\" \/>\n\t<meta property=\"og:image:height\" content=\"675\" \/>\n\t<meta property=\"og:image:type\" content=\"image\/png\" \/>\n<meta name=\"twitter:card\" content=\"summary_large_image\" \/>\n<meta name=\"twitter:label1\" content=\"Ber\u00e4knad l\u00e4stid\" \/>\n\t<meta name=\"twitter:data1\" content=\"7 minuter\" \/>\n<script type=\"application\/ld+json\" class=\"yoast-schema-graph\">{\"@context\":\"https:\\\/\\\/schema.org\",\"@graph\":[{\"@type\":\"WebPage\",\"@id\":\"https:\\\/\\\/ollemarketing.com\\\/sv\\\/slutord\\\/\",\"url\":\"https:\\\/\\\/ollemarketing.com\\\/sv\\\/slutord\\\/\",\"name\":\"Slutord - Olle Marketing AB\",\"isPartOf\":{\"@id\":\"https:\\\/\\\/ollemarketing.com\\\/sv\\\/#website\"},\"datePublished\":\"2023-01-30T10:57:32+00:00\",\"dateModified\":\"2024-10-24T13:37:10+00:00\",\"description\":\"Uppt\u00e4ck SEO:s f\u00f6rdelar med v\u00e5r omfattande guide. Slutord som sammanfattar 12 kapitel om allt fr\u00e5n s\u00f6kordsforskning till l\u00e4nkbyggande.\",\"breadcrumb\":{\"@id\":\"https:\\\/\\\/ollemarketing.com\\\/sv\\\/slutord\\\/#breadcrumb\"},\"inLanguage\":\"sv-SE\",\"potentialAction\":[{\"@type\":\"ReadAction\",\"target\":[\"https:\\\/\\\/ollemarketing.com\\\/sv\\\/slutord\\\/\"]}]},{\"@type\":\"BreadcrumbList\",\"@id\":\"https:\\\/\\\/ollemarketing.com\\\/sv\\\/slutord\\\/#breadcrumb\",\"itemListElement\":[{\"@type\":\"ListItem\",\"position\":1,\"name\":\"Home\",\"item\":\"https:\\\/\\\/ollemarketing.com\\\/sv\\\/\"},{\"@type\":\"ListItem\",\"position\":2,\"name\":\"Slutord\"}]},{\"@type\":\"WebSite\",\"@id\":\"https:\\\/\\\/ollemarketing.com\\\/sv\\\/#website\",\"url\":\"https:\\\/\\\/ollemarketing.com\\\/sv\\\/\",\"name\":\"Olle Marketing AB\",\"description\":\"SEO and Digital Marketing\",\"publisher\":{\"@id\":\"https:\\\/\\\/ollemarketing.com\\\/sv\\\/#organization\"},\"potentialAction\":[{\"@type\":\"SearchAction\",\"target\":{\"@type\":\"EntryPoint\",\"urlTemplate\":\"https:\\\/\\\/ollemarketing.com\\\/sv\\\/?s={search_term_string}\"},\"query-input\":{\"@type\":\"PropertyValueSpecification\",\"valueRequired\":true,\"valueName\":\"search_term_string\"}}],\"inLanguage\":\"sv-SE\"},{\"@type\":\"Organization\",\"@id\":\"https:\\\/\\\/ollemarketing.com\\\/sv\\\/#organization\",\"name\":\"Olle Marketing AB\",\"alternateName\":\"Olle Marketing\",\"url\":\"https:\\\/\\\/ollemarketing.com\\\/sv\\\/\",\"logo\":{\"@type\":\"ImageObject\",\"inLanguage\":\"sv-SE\",\"@id\":\"https:\\\/\\\/ollemarketing.com\\\/sv\\\/#\\\/schema\\\/logo\\\/image\\\/\",\"url\":\"https:\\\/\\\/ollemarketing.com\\\/wp-content\\\/uploads\\\/2026\\\/02\\\/Original-1-scaled.png\",\"contentUrl\":\"https:\\\/\\\/ollemarketing.com\\\/wp-content\\\/uploads\\\/2026\\\/02\\\/Original-1-scaled.png\",\"width\":2560,\"height\":2560,\"caption\":\"Olle Marketing AB\"},\"image\":{\"@id\":\"https:\\\/\\\/ollemarketing.com\\\/sv\\\/#\\\/schema\\\/logo\\\/image\\\/\"},\"sameAs\":[\"https:\\\/\\\/www.facebook.com\\\/OlleMarketing\\\/\"]}]}<\/script>\n<!-- \/ Yoast SEO plugin. -->","yoast_head_json":{"title":"Slutord - Olle Marketing AB","description":"Uppt\u00e4ck SEO:s f\u00f6rdelar med v\u00e5r omfattande guide. Slutord som sammanfattar 12 kapitel om allt fr\u00e5n s\u00f6kordsforskning till l\u00e4nkbyggande.","robots":{"index":"index","follow":"follow","max-snippet":"max-snippet:-1","max-image-preview":"max-image-preview:large","max-video-preview":"max-video-preview:-1"},"canonical":"https:\/\/ollemarketing.com\/sv\/slutord\/","og_locale":"sv_SE","og_type":"article","og_title":"Slutord - Olle Marketing AB","og_description":"Uppt\u00e4ck SEO:s f\u00f6rdelar med v\u00e5r omfattande guide. Slutord som sammanfattar 12 kapitel om allt fr\u00e5n s\u00f6kordsforskning till l\u00e4nkbyggande.","og_url":"https:\/\/ollemarketing.com\/sv\/slutord\/","og_site_name":"Olle Marketing AB","article_publisher":"https:\/\/www.facebook.com\/OlleMarketing\/","article_modified_time":"2024-10-24T13:37:10+00:00","og_image":[{"width":1200,"height":675,"url":"https:\/\/ollemarketing.com\/wp-content\/uploads\/2023\/02\/oolle-meta.png","type":"image\/png"}],"twitter_card":"summary_large_image","twitter_misc":{"Ber\u00e4knad l\u00e4stid":"7 minuter"},"schema":{"@context":"https:\/\/schema.org","@graph":[{"@type":"WebPage","@id":"https:\/\/ollemarketing.com\/sv\/slutord\/","url":"https:\/\/ollemarketing.com\/sv\/slutord\/","name":"Slutord - Olle Marketing AB","isPartOf":{"@id":"https:\/\/ollemarketing.com\/sv\/#website"},"datePublished":"2023-01-30T10:57:32+00:00","dateModified":"2024-10-24T13:37:10+00:00","description":"Uppt\u00e4ck SEO:s f\u00f6rdelar med v\u00e5r omfattande guide. Slutord som sammanfattar 12 kapitel om allt fr\u00e5n s\u00f6kordsforskning till l\u00e4nkbyggande.","breadcrumb":{"@id":"https:\/\/ollemarketing.com\/sv\/slutord\/#breadcrumb"},"inLanguage":"sv-SE","potentialAction":[{"@type":"ReadAction","target":["https:\/\/ollemarketing.com\/sv\/slutord\/"]}]},{"@type":"BreadcrumbList","@id":"https:\/\/ollemarketing.com\/sv\/slutord\/#breadcrumb","itemListElement":[{"@type":"ListItem","position":1,"name":"Home","item":"https:\/\/ollemarketing.com\/sv\/"},{"@type":"ListItem","position":2,"name":"Slutord"}]},{"@type":"WebSite","@id":"https:\/\/ollemarketing.com\/sv\/#website","url":"https:\/\/ollemarketing.com\/sv\/","name":"Olle Marketing AB","description":"SEO and Digital Marketing","publisher":{"@id":"https:\/\/ollemarketing.com\/sv\/#organization"},"potentialAction":[{"@type":"SearchAction","target":{"@type":"EntryPoint","urlTemplate":"https:\/\/ollemarketing.com\/sv\/?s={search_term_string}"},"query-input":{"@type":"PropertyValueSpecification","valueRequired":true,"valueName":"search_term_string"}}],"inLanguage":"sv-SE"},{"@type":"Organization","@id":"https:\/\/ollemarketing.com\/sv\/#organization","name":"Olle Marketing AB","alternateName":"Olle Marketing","url":"https:\/\/ollemarketing.com\/sv\/","logo":{"@type":"ImageObject","inLanguage":"sv-SE","@id":"https:\/\/ollemarketing.com\/sv\/#\/schema\/logo\/image\/","url":"https:\/\/ollemarketing.com\/wp-content\/uploads\/2026\/02\/Original-1-scaled.png","contentUrl":"https:\/\/ollemarketing.com\/wp-content\/uploads\/2026\/02\/Original-1-scaled.png","width":2560,"height":2560,"caption":"Olle Marketing AB"},"image":{"@id":"https:\/\/ollemarketing.com\/sv\/#\/schema\/logo\/image\/"},"sameAs":["https:\/\/www.facebook.com\/OlleMarketing\/"]}]}},"_links":{"self":[{"href":"https:\/\/ollemarketing.com\/sv\/wp-json\/wp\/v2\/pages\/987498782","targetHints":{"allow":["GET"]}}],"collection":[{"href":"https:\/\/ollemarketing.com\/sv\/wp-json\/wp\/v2\/pages"}],"about":[{"href":"https:\/\/ollemarketing.com\/sv\/wp-json\/wp\/v2\/types\/page"}],"author":[{"embeddable":true,"href":"https:\/\/ollemarketing.com\/sv\/wp-json\/wp\/v2\/users\/1"}],"replies":[{"embeddable":true,"href":"https:\/\/ollemarketing.com\/sv\/wp-json\/wp\/v2\/comments?post=987498782"}],"version-history":[{"count":2,"href":"https:\/\/ollemarketing.com\/sv\/wp-json\/wp\/v2\/pages\/987498782\/revisions"}],"predecessor-version":[{"id":987500123,"href":"https:\/\/ollemarketing.com\/sv\/wp-json\/wp\/v2\/pages\/987498782\/revisions\/987500123"}],"wp:attachment":[{"href":"https:\/\/ollemarketing.com\/sv\/wp-json\/wp\/v2\/media?parent=987498782"}],"curies":[{"name":"wp","href":"https:\/\/api.w.org\/{rel}","templated":true}]}}