{"id":987498815,"date":"2021-11-15T16:29:57","date_gmt":"2021-11-15T15:29:57","guid":{"rendered":"https:\/\/ollemarketing.com\/nyheter\/"},"modified":"2024-09-27T21:57:59","modified_gmt":"2024-09-27T19:57:59","slug":"nyheter","status":"publish","type":"page","link":"https:\/\/ollemarketing.com\/sv\/nyheter\/","title":{"rendered":"Nyheter"},"content":{"rendered":"<p>[et_pb_section fb_built=&#8221;1&#8243; _builder_version=&#8221;4.19.5&#8243; _module_preset=&#8221;default&#8221; background_color=&#8221;#FFFFFF&#8221; use_background_color_gradient=&#8221;on&#8221; background_color_gradient_direction=&#8221;90deg&#8221; background_color_gradient_stops=&#8221;rgba(0,0,0,0.82) 0%|rgba(0,0,0,0.22) 100%&#8221; background_color_gradient_overlays_image=&#8221;on&#8221; background_color_gradient_start=&#8221;rgba(0,0,0,0.82)&#8221; background_color_gradient_end=&#8221;rgba(0,0,0,0.22)&#8221; background_image=&#8221;https:\/\/ollemarketing.com\/wp-content\/uploads\/2023\/02\/Tidning_News-scaled.webp&#8221; custom_padding=&#8221;||||false|false&#8221; top_divider_height_tablet=&#8221;50px&#8221; top_divider_height_phone=&#8221;25px&#8221; top_divider_height_last_edited=&#8221;on|phone&#8221; bottom_divider_style=&#8221;asymmetric3&#8243; bottom_divider_color=&#8221;#FFFFFF&#8221; global_colors_info=&#8221;{}&#8221;][et_pb_row _builder_version=&#8221;4.19.5&#8243; _module_preset=&#8221;be502517-4b6c-44bf-812f-fdde667e1e9a&#8221; custom_padding=&#8221;14%||14%||true|false&#8221; global_colors_info=&#8221;{}&#8221;][et_pb_column type=&#8221;4_4&#8243; _builder_version=&#8221;4.16&#8243; _module_preset=&#8221;default&#8221; global_colors_info=&#8221;{}&#8221;][et_pb_text _builder_version=&#8221;4.24.1&#8243; _module_preset=&#8221;943766b3-2013-4cfe-9b9a-dfad3eb70aaa&#8221; text_text_color=&#8221;#E5E5E5&#8243; text_font_size=&#8221;23px&#8221; header_font_size=&#8221;101px&#8221; custom_padding=&#8221;|25%|||false|false&#8221; custom_padding_tablet=&#8221;|0px|||false|false&#8221; custom_padding_phone=&#8221;|0px|||false|false&#8221; custom_padding_last_edited=&#8221;on|desktop&#8221; global_colors_info=&#8221;{}&#8221;]<\/p>\n<h1>Nyheter och inl\u00e4gg!<\/h1>\n<p><span>H\u00e4r hittar du alla de nyheter och inl\u00e4gg som jag lagt upp p\u00e5 min sajt!<\/span><\/p>\n<p>[\/et_pb_text][\/et_pb_column][\/et_pb_row][\/et_pb_section][et_pb_section fb_built=&#8221;1&#8243; _builder_version=&#8221;4.18.0&#8243; _module_preset=&#8221;default&#8221; global_colors_info=&#8221;{}&#8221;][et_pb_row column_structure=&#8221;2_3,1_3&#8243; use_custom_gutter=&#8221;on&#8221; gutter_width=&#8221;4&#8243; _builder_version=&#8221;4.18.0&#8243; _module_preset=&#8221;e5a1ee3f-2471-4573-85e7-8e9800622222&#8243; global_colors_info=&#8221;{}&#8221;][et_pb_column type=&#8221;2_3&#8243; _builder_version=&#8221;4.18.0&#8243; _module_preset=&#8221;default&#8221; global_colors_info=&#8221;{}&#8221;][et_pb_blog fullwidth=&#8221;on&#8221; posts_number=&#8221;5&#8243; show_pagination=&#8221;on&#8221; _builder_version=&#8221;4.18.0&#8243; _module_preset=&#8221;default&#8221; pagination_font=&#8221;Karla||||||||&#8221; pagination_text_color=&#8221;#C2AB92&#8243; box_shadow_style=&#8221;none&#8221; global_colors_info=&#8221;{}&#8221;][\/et_pb_blog][\/et_pb_column][et_pb_column type=&#8221;1_3&#8243; _builder_version=&#8221;4.18.0&#8243; _module_preset=&#8221;default&#8221; custom_padding=&#8221;40px|40px|40px|40px|true|true&#8221; border_width_all=&#8221;1px&#8221; border_color_all=&#8221;#C2AB92&#8243; global_colors_info=&#8221;{}&#8221;][et_pb_text _builder_version=&#8221;4.24.1&#8243; _module_preset=&#8221;default&#8221; custom_margin=&#8221;||16px|||&#8221; custom_padding=&#8221;||0px|||&#8221; global_colors_info=&#8221;%91%93&#8243; header_text_color__hover=&#8221;#C2AB92&#8243;]<\/p>\n<h3>Hitta mer&#8230;<\/h3>\n<p>[\/et_pb_text][et_pb_search exclude_pages=&#8221;on&#8221; show_button=&#8221;off&#8221; placeholder=&#8221;S\u00f6k&#8230;&#8221; _builder_version=&#8221;4.24.1&#8243; _module_preset=&#8221;default&#8221; form_field_font=&#8221;Karla||||||||&#8221; form_field_text_align=&#8221;left&#8221; min_height=&#8221;45px&#8221; custom_margin=&#8221;2px||||false|false&#8221; custom_padding=&#8221;1em|0.715em|0.715em|0.715em|false|false&#8221; hover_enabled=&#8221;0&#8243; global_colors_info=&#8221;{}&#8221; sticky_enabled=&#8221;0&#8243;][\/et_pb_search][et_pb_divider color=&#8221;#E5E5E5&#8243; divider_position=&#8221;center&#8221; _builder_version=&#8221;4.16&#8243; _module_preset=&#8221;default&#8221; global_colors_info=&#8221;{}&#8221;][\/et_pb_divider][et_pb_text ul_type=&#8221;square&#8221; _builder_version=&#8221;4.24.1&#8243; _module_preset=&#8221;default&#8221; ul_text_color=&#8221;#C2AB92&#8243; custom_margin=&#8221;-20px||-15px|||&#8221; custom_padding=&#8221;||0px|||&#8221; global_colors_info=&#8221;%91%93&#8243; header_text_color__hover=&#8221;#C2AB92&#8243;]<\/p>\n<h3>Kategorier<\/h3>\n<ul>\n<li><a href=\"https:\/\/ollemarketing.com\/sv\/nyheter\/kategori\/search-engine-optimization-sv\/\">SEO<\/a><\/li>\n<li><a href=\"https:\/\/ollemarketing.com\/sv\/nyheter\/kategori\/web-traffic-analytics-sv\/\">Web Traffic Analytics<\/a><\/li>\n<li><a href=\"https:\/\/ollemarketing.com\/sv\/nyheter\/kategori\/digital-marketing-sv\/\">Digital Marketing<\/a><\/li>\n<li><a href=\"https:\/\/ollemarketing.com\/sv\/nyheter\/kategori\/inbound-marketing-sv\/\">Inbound Marketing<\/a><\/li>\n<li><a href=\"https:\/\/ollemarketing.com\/sv\/nyheter\/kategori\/sem-sv\/\">SEM<\/a><\/li>\n<li><a href=\"https:\/\/ollemarketing.com\/sv\/nyheter\/kategori\/social-media-sv\/\">Social Media<\/a><\/li>\n<li><a href=\"https:\/\/ollemarketing.com\/sv\/nyheter\/kategori\/science-marketing-sv\/\">Science Marketing<\/a><\/li>\n<\/ul>\n<p>[\/et_pb_text][et_pb_divider color=&#8221;#E5E5E5&#8243; divider_position=&#8221;center&#8221; _builder_version=&#8221;4.16&#8243; _module_preset=&#8221;default&#8221; min_height=&#8221;53.8px&#8221; custom_margin=&#8221;||-1px|||&#8221; global_colors_info=&#8221;{}&#8221;][\/et_pb_divider][et_pb_text _builder_version=&#8221;4.24.1&#8243; _module_preset=&#8221;default&#8221; custom_margin=&#8221;-3px||37px|||&#8221; hover_enabled=&#8221;0&#8243; global_colors_info=&#8221;%91%93&#8243; header_text_color__hover=&#8221;#C2AB92&#8243; sticky_enabled=&#8221;0&#8243;]<\/p>\n<h3>F\u00f6lj mig!<\/h3>\n<p>F\u00f6lj mig g\u00e4rna p\u00e5 sociala medier f\u00f6r de senaste nyheterna och mer inspiration.<\/p>\n<p>[\/et_pb_text][et_pb_social_media_follow admin_label=&#8221;Social Media Follow&#8221; _builder_version=&#8221;4.19.5&#8243; _module_preset=&#8221;default&#8221; transform_scale_linked=&#8221;off&#8221; transform_translate=&#8221;5px|5px&#8221; text_orientation=&#8221;center&#8221; custom_margin=&#8221;-13px|||||&#8221; global_colors_info=&#8221;{}&#8221;][et_pb_social_media_follow_network social_network=&#8221;facebook&#8221; url=&#8221;https:\/\/www.facebook.com\/OlleMarketing&#8221; icon_color=&#8221;#C2AB92&#8243; _builder_version=&#8221;4.19.5&#8243; _module_preset=&#8221;default&#8221; background_color=&#8221;#FFFFFF&#8221; background_enable_color=&#8221;on&#8221; border_radii=&#8221;on|0px|0px|0px|0px&#8221; global_colors_info=&#8221;{}&#8221; background__hover_enabled=&#8221;on|hover&#8221; background_color__hover=&#8221;#C2AB92&#8243; background_enable_color__hover=&#8221;on&#8221; icon_color__hover_enabled=&#8221;on|hover&#8221; icon_color__hover=&#8221;#FFFFFF&#8221; follow_button=&#8221;off&#8221; url_new_window=&#8221;on&#8221;]facebook[\/et_pb_social_media_follow_network][et_pb_social_media_follow_network social_network=&#8221;linkedin&#8221; url=&#8221;https:\/\/www.linkedin.com\/company\/olle-marketing\/?viewAsMember=true&#8221; icon_color=&#8221;#C2AB92&#8243; _builder_version=&#8221;4.19.5&#8243; _module_preset=&#8221;default&#8221; background_color=&#8221;#FFFFFF&#8221; background_enable_color=&#8221;on&#8221; border_radii=&#8221;on|0px|0px|0px|0px&#8221; global_colors_info=&#8221;{}&#8221; background__hover_enabled=&#8221;on|hover&#8221; background_color__hover=&#8221;#C2AB92&#8243; background_enable_color__hover=&#8221;on&#8221; icon_color__hover=&#8221;#FFFFFF&#8221; icon_color__hover_enabled=&#8221;on|hover&#8221; follow_button=&#8221;off&#8221; url_new_window=&#8221;on&#8221;]linkedin[\/et_pb_social_media_follow_network][et_pb_social_media_follow_network social_network=&#8221;twitter&#8221; url=&#8221;https:\/\/twitter.com\/OlleMarketingOM&#8221; icon_color=&#8221;#C2AB92&#8243; _builder_version=&#8221;4.19.5&#8243; _module_preset=&#8221;default&#8221; background_color=&#8221;#FFFFFF&#8221; background_enable_color=&#8221;on&#8221; border_radii=&#8221;on|0px|0px|0px|0px&#8221; global_colors_info=&#8221;{}&#8221; background__hover_enabled=&#8221;on|hover&#8221; background_color__hover=&#8221;#C2AB92&#8243; background_enable_color__hover=&#8221;on&#8221; icon_color__hover=&#8221;#FFFFFF&#8221; icon_color__hover_enabled=&#8221;on|hover&#8221; follow_button=&#8221;off&#8221; url_new_window=&#8221;on&#8221;]twitter[\/et_pb_social_media_follow_network][et_pb_social_media_follow_network social_network=&#8221;instagram&#8221; url=&#8221;https:\/\/www.instagram.com\/ollemarketing\/&#8221; icon_color=&#8221;#C2AB92&#8243; _builder_version=&#8221;4.19.5&#8243; _module_preset=&#8221;default&#8221; background_color=&#8221;#FFFFFF&#8221; background_enable_color=&#8221;on&#8221; border_radii=&#8221;on|0px|0px|0px|0px&#8221; global_colors_info=&#8221;{}&#8221; background__hover_enabled=&#8221;on|hover&#8221; background_color__hover=&#8221;#C2AB92&#8243; background_enable_color__hover=&#8221;on&#8221; icon_color__hover=&#8221;#FFFFFF&#8221; icon_color__hover_enabled=&#8221;on|hover&#8221; follow_button=&#8221;off&#8221; url_new_window=&#8221;on&#8221;]instagram[\/et_pb_social_media_follow_network][\/et_pb_social_media_follow][\/et_pb_column][\/et_pb_row][\/et_pb_section]<\/p>\n","protected":false},"excerpt":{"rendered":"<p>Nyheter och inl\u00e4gg! H\u00e4r hittar du alla de nyheter och inl\u00e4gg som jag lagt upp p\u00e5 min sajt!Hitta mer&#8230;Kategorier SEO Web Traffic Analytics Digital Marketing Inbound Marketing SEM Social Media Science Marketing F\u00f6lj mig! F\u00f6lj mig g\u00e4rna p\u00e5 sociala medier f\u00f6r de senaste nyheterna och mer inspiration.<\/p>\n","protected":false},"author":1,"featured_media":0,"parent":0,"menu_order":0,"comment_status":"closed","ping_status":"closed","template":"","meta":{"_et_pb_use_builder":"on","_et_pb_old_content":"","_et_gb_content_width":"","footnotes":""},"class_list":["post-987498815","page","type-page","status-publish","hentry"],"yoast_head":"<!-- This site is optimized with the Yoast SEO plugin v27.4 - https:\/\/yoast.com\/product\/yoast-seo-wordpress\/ -->\n<title>Nyheter - Olle Marketing AB<\/title>\n<meta name=\"robots\" content=\"index, follow, max-snippet:-1, max-image-preview:large, max-video-preview:-1\" \/>\n<link rel=\"canonical\" href=\"https:\/\/ollemarketing.com\/sv\/nyheter\/\" \/>\n<meta property=\"og:locale\" content=\"sv_SE\" \/>\n<meta property=\"og:type\" content=\"article\" \/>\n<meta property=\"og:title\" content=\"Nyheter - Olle Marketing AB\" \/>\n<meta property=\"og:description\" content=\"Nyheter och inl\u00e4gg! H\u00e4r hittar du alla de nyheter och inl\u00e4gg som jag lagt upp p\u00e5 min sajt!Hitta mer...Kategorier SEO Web Traffic Analytics Digital Marketing Inbound Marketing SEM Social Media Science Marketing F\u00f6lj mig! F\u00f6lj mig g\u00e4rna p\u00e5 sociala medier f\u00f6r de senaste nyheterna och mer inspiration.\" \/>\n<meta property=\"og:url\" content=\"https:\/\/ollemarketing.com\/sv\/nyheter\/\" \/>\n<meta property=\"og:site_name\" content=\"Olle Marketing AB\" \/>\n<meta property=\"article:publisher\" content=\"https:\/\/www.facebook.com\/OlleMarketing\/\" \/>\n<meta property=\"article:modified_time\" content=\"2024-09-27T19:57:59+00:00\" \/>\n<meta property=\"og:image\" content=\"https:\/\/ollemarketing.com\/wp-content\/uploads\/2023\/02\/oolle-meta.png\" \/>\n\t<meta property=\"og:image:width\" content=\"1200\" \/>\n\t<meta property=\"og:image:height\" content=\"675\" \/>\n\t<meta property=\"og:image:type\" content=\"image\/png\" \/>\n<meta name=\"twitter:card\" content=\"summary_large_image\" \/>\n<meta name=\"twitter:label1\" content=\"Ber\u00e4knad l\u00e4stid\" \/>\n\t<meta name=\"twitter:data1\" content=\"5 minuter\" \/>\n<script type=\"application\/ld+json\" class=\"yoast-schema-graph\">{\"@context\":\"https:\\\/\\\/schema.org\",\"@graph\":[{\"@type\":\"WebPage\",\"@id\":\"https:\\\/\\\/ollemarketing.com\\\/sv\\\/nyheter\\\/\",\"url\":\"https:\\\/\\\/ollemarketing.com\\\/sv\\\/nyheter\\\/\",\"name\":\"Nyheter - Olle Marketing AB\",\"isPartOf\":{\"@id\":\"https:\\\/\\\/ollemarketing.com\\\/sv\\\/#website\"},\"datePublished\":\"2021-11-15T15:29:57+00:00\",\"dateModified\":\"2024-09-27T19:57:59+00:00\",\"breadcrumb\":{\"@id\":\"https:\\\/\\\/ollemarketing.com\\\/sv\\\/nyheter\\\/#breadcrumb\"},\"inLanguage\":\"sv-SE\",\"potentialAction\":[{\"@type\":\"ReadAction\",\"target\":[\"https:\\\/\\\/ollemarketing.com\\\/sv\\\/nyheter\\\/\"]}]},{\"@type\":\"BreadcrumbList\",\"@id\":\"https:\\\/\\\/ollemarketing.com\\\/sv\\\/nyheter\\\/#breadcrumb\",\"itemListElement\":[{\"@type\":\"ListItem\",\"position\":1,\"name\":\"Home\",\"item\":\"https:\\\/\\\/ollemarketing.com\\\/sv\\\/\"},{\"@type\":\"ListItem\",\"position\":2,\"name\":\"Nyheter\"}]},{\"@type\":\"WebSite\",\"@id\":\"https:\\\/\\\/ollemarketing.com\\\/sv\\\/#website\",\"url\":\"https:\\\/\\\/ollemarketing.com\\\/sv\\\/\",\"name\":\"Olle Marketing AB\",\"description\":\"SEO and Digital Marketing\",\"publisher\":{\"@id\":\"https:\\\/\\\/ollemarketing.com\\\/sv\\\/#organization\"},\"potentialAction\":[{\"@type\":\"SearchAction\",\"target\":{\"@type\":\"EntryPoint\",\"urlTemplate\":\"https:\\\/\\\/ollemarketing.com\\\/sv\\\/?s={search_term_string}\"},\"query-input\":{\"@type\":\"PropertyValueSpecification\",\"valueRequired\":true,\"valueName\":\"search_term_string\"}}],\"inLanguage\":\"sv-SE\"},{\"@type\":\"Organization\",\"@id\":\"https:\\\/\\\/ollemarketing.com\\\/sv\\\/#organization\",\"name\":\"Olle Marketing AB\",\"alternateName\":\"Olle Marketing\",\"url\":\"https:\\\/\\\/ollemarketing.com\\\/sv\\\/\",\"logo\":{\"@type\":\"ImageObject\",\"inLanguage\":\"sv-SE\",\"@id\":\"https:\\\/\\\/ollemarketing.com\\\/sv\\\/#\\\/schema\\\/logo\\\/image\\\/\",\"url\":\"https:\\\/\\\/ollemarketing.com\\\/wp-content\\\/uploads\\\/2026\\\/02\\\/Original-1-scaled.png\",\"contentUrl\":\"https:\\\/\\\/ollemarketing.com\\\/wp-content\\\/uploads\\\/2026\\\/02\\\/Original-1-scaled.png\",\"width\":2560,\"height\":2560,\"caption\":\"Olle Marketing AB\"},\"image\":{\"@id\":\"https:\\\/\\\/ollemarketing.com\\\/sv\\\/#\\\/schema\\\/logo\\\/image\\\/\"},\"sameAs\":[\"https:\\\/\\\/www.facebook.com\\\/OlleMarketing\\\/\"]}]}<\/script>\n<!-- \/ Yoast SEO plugin. -->","yoast_head_json":{"title":"Nyheter - Olle Marketing AB","robots":{"index":"index","follow":"follow","max-snippet":"max-snippet:-1","max-image-preview":"max-image-preview:large","max-video-preview":"max-video-preview:-1"},"canonical":"https:\/\/ollemarketing.com\/sv\/nyheter\/","og_locale":"sv_SE","og_type":"article","og_title":"Nyheter - Olle Marketing AB","og_description":"Nyheter och inl\u00e4gg! H\u00e4r hittar du alla de nyheter och inl\u00e4gg som jag lagt upp p\u00e5 min sajt!Hitta mer...Kategorier SEO Web Traffic Analytics Digital Marketing Inbound Marketing SEM Social Media Science Marketing F\u00f6lj mig! F\u00f6lj mig g\u00e4rna p\u00e5 sociala medier f\u00f6r de senaste nyheterna och mer inspiration.","og_url":"https:\/\/ollemarketing.com\/sv\/nyheter\/","og_site_name":"Olle Marketing AB","article_publisher":"https:\/\/www.facebook.com\/OlleMarketing\/","article_modified_time":"2024-09-27T19:57:59+00:00","og_image":[{"width":1200,"height":675,"url":"https:\/\/ollemarketing.com\/wp-content\/uploads\/2023\/02\/oolle-meta.png","type":"image\/png"}],"twitter_card":"summary_large_image","twitter_misc":{"Ber\u00e4knad l\u00e4stid":"5 minuter"},"schema":{"@context":"https:\/\/schema.org","@graph":[{"@type":"WebPage","@id":"https:\/\/ollemarketing.com\/sv\/nyheter\/","url":"https:\/\/ollemarketing.com\/sv\/nyheter\/","name":"Nyheter - Olle Marketing AB","isPartOf":{"@id":"https:\/\/ollemarketing.com\/sv\/#website"},"datePublished":"2021-11-15T15:29:57+00:00","dateModified":"2024-09-27T19:57:59+00:00","breadcrumb":{"@id":"https:\/\/ollemarketing.com\/sv\/nyheter\/#breadcrumb"},"inLanguage":"sv-SE","potentialAction":[{"@type":"ReadAction","target":["https:\/\/ollemarketing.com\/sv\/nyheter\/"]}]},{"@type":"BreadcrumbList","@id":"https:\/\/ollemarketing.com\/sv\/nyheter\/#breadcrumb","itemListElement":[{"@type":"ListItem","position":1,"name":"Home","item":"https:\/\/ollemarketing.com\/sv\/"},{"@type":"ListItem","position":2,"name":"Nyheter"}]},{"@type":"WebSite","@id":"https:\/\/ollemarketing.com\/sv\/#website","url":"https:\/\/ollemarketing.com\/sv\/","name":"Olle Marketing AB","description":"SEO and Digital Marketing","publisher":{"@id":"https:\/\/ollemarketing.com\/sv\/#organization"},"potentialAction":[{"@type":"SearchAction","target":{"@type":"EntryPoint","urlTemplate":"https:\/\/ollemarketing.com\/sv\/?s={search_term_string}"},"query-input":{"@type":"PropertyValueSpecification","valueRequired":true,"valueName":"search_term_string"}}],"inLanguage":"sv-SE"},{"@type":"Organization","@id":"https:\/\/ollemarketing.com\/sv\/#organization","name":"Olle Marketing AB","alternateName":"Olle Marketing","url":"https:\/\/ollemarketing.com\/sv\/","logo":{"@type":"ImageObject","inLanguage":"sv-SE","@id":"https:\/\/ollemarketing.com\/sv\/#\/schema\/logo\/image\/","url":"https:\/\/ollemarketing.com\/wp-content\/uploads\/2026\/02\/Original-1-scaled.png","contentUrl":"https:\/\/ollemarketing.com\/wp-content\/uploads\/2026\/02\/Original-1-scaled.png","width":2560,"height":2560,"caption":"Olle Marketing AB"},"image":{"@id":"https:\/\/ollemarketing.com\/sv\/#\/schema\/logo\/image\/"},"sameAs":["https:\/\/www.facebook.com\/OlleMarketing\/"]}]}},"_links":{"self":[{"href":"https:\/\/ollemarketing.com\/sv\/wp-json\/wp\/v2\/pages\/987498815","targetHints":{"allow":["GET"]}}],"collection":[{"href":"https:\/\/ollemarketing.com\/sv\/wp-json\/wp\/v2\/pages"}],"about":[{"href":"https:\/\/ollemarketing.com\/sv\/wp-json\/wp\/v2\/types\/page"}],"author":[{"embeddable":true,"href":"https:\/\/ollemarketing.com\/sv\/wp-json\/wp\/v2\/users\/1"}],"replies":[{"embeddable":true,"href":"https:\/\/ollemarketing.com\/sv\/wp-json\/wp\/v2\/comments?post=987498815"}],"version-history":[{"count":0,"href":"https:\/\/ollemarketing.com\/sv\/wp-json\/wp\/v2\/pages\/987498815\/revisions"}],"wp:attachment":[{"href":"https:\/\/ollemarketing.com\/sv\/wp-json\/wp\/v2\/media?parent=987498815"}],"curies":[{"name":"wp","href":"https:\/\/api.w.org\/{rel}","templated":true}]}}