{"id":987498817,"date":"2023-02-09T21:23:14","date_gmt":"2023-02-09T20:23:14","guid":{"rendered":"https:\/\/ollemarketing.com\/ovriga-tjanster\/"},"modified":"2024-10-24T14:29:59","modified_gmt":"2024-10-24T12:29:59","slug":"ovriga-tjanster","status":"publish","type":"page","link":"https:\/\/ollemarketing.com\/sv\/ovriga-tjanster\/","title":{"rendered":"\u00d6vriga tj\u00e4nster"},"content":{"rendered":"<p>[et_pb_section fb_built=&#8221;1&#8243; _builder_version=&#8221;4.19.5&#8243; _module_preset=&#8221;default&#8221; background_color=&#8221;#FFFFFF&#8221; use_background_color_gradient=&#8221;on&#8221; background_color_gradient_direction=&#8221;90deg&#8221; background_color_gradient_stops=&#8221;rgba(0,0,0,0.82) 0%|rgba(0,0,0,0.22) 100%&#8221; background_color_gradient_overlays_image=&#8221;on&#8221; background_color_gradient_start=&#8221;rgba(0,0,0,0.82)&#8221; background_color_gradient_end=&#8221;rgba(0,0,0,0.22)&#8221; background_image=&#8221;https:\/\/ollemarketing.com\/wp-content\/uploads\/2023\/02\/AdobeStock_494417611-v2.webp&#8221; custom_padding=&#8221;||||false|false&#8221; top_divider_height_tablet=&#8221;50px&#8221; top_divider_height_phone=&#8221;25px&#8221; top_divider_height_last_edited=&#8221;on|phone&#8221; bottom_divider_style=&#8221;asymmetric3&#8243; bottom_divider_color=&#8221;#FFFFFF&#8221; global_colors_info=&#8221;{}&#8221;][et_pb_row _builder_version=&#8221;4.19.5&#8243; _module_preset=&#8221;default&#8221; module_alignment=&#8221;center&#8221; custom_margin=&#8221;||||false|false&#8221; custom_padding=&#8221;14%||14%||true|false&#8221; global_colors_info=&#8221;{}&#8221;][et_pb_column type=&#8221;4_4&#8243; _builder_version=&#8221;4.16&#8243; _module_preset=&#8221;default&#8221; global_colors_info=&#8221;{}&#8221;][et_pb_text content_tablet=&#8221;<\/p>\n<h1>Andra marknadsf\u00f6ringstj\u00e4nster<\/h1>\n<p>F\u00f6rutom SEO st\u00f6der jag aktiviteter inom dataanalys av webbtrafik, inkommande marknadsf\u00f6ring, SEM, digital marknadsf\u00f6ring och marknadsf\u00f6ringsprojektledning.<\/p>\n<p>&#8221; content_phone=&#8221;<\/p>\n<h1>Andra marknadsf\u00f6ringstj\u00e4nster<\/h1>\n<p>Ut\u00f6ver SEO st\u00f6djer jag aktiviteter inom Data Analytics f\u00f6r webbtrafik,<br \/>Inbound Marketing, SEM, digital marknadsf\u00f6ring och projektledning inom marknadsf\u00f6ring.<\/p>\n<p>&#8221; content_last_edited=&#8221;on|desktop&#8221; _builder_version=&#8221;4.24.1&#8243; _module_preset=&#8221;default&#8221; text_text_color=&#8221;#E5E5E5&#8243; text_font_size=&#8221;23px&#8221; header_font_size=&#8221;101px&#8221; custom_padding=&#8221;||||false|false&#8221; custom_padding_tablet=&#8221;|0px|||false|false&#8221; custom_padding_phone=&#8221;|0px|||false|false&#8221; custom_padding_last_edited=&#8221;on|desktop&#8221; global_colors_info=&#8221;{}&#8221;]<\/p>\n<h1>Andra marknadsf\u00f6rings tj\u00e4nster<\/h1>\n<p>Ut\u00f6ver SEO erbjuder jag tj\u00e4nster inom Data Analytics webbtrafik, Inbound Marketing, SEM samt projektledning.<\/p>\n<p>[\/et_pb_text][\/et_pb_column][\/et_pb_row][\/et_pb_section][et_pb_section fb_built=&#8221;1&#8243; _builder_version=&#8221;4.19.4&#8243; _module_preset=&#8221;default&#8221; global_colors_info=&#8221;{}&#8221;][et_pb_row _builder_version=&#8221;4.19.4&#8243; _module_preset=&#8221;default&#8221; global_colors_info=&#8221;{}&#8221;][et_pb_column type=&#8221;4_4&#8243; _builder_version=&#8221;4.19.4&#8243; _module_preset=&#8221;default&#8221; global_colors_info=&#8221;{}&#8221;][et_pb_text _builder_version=&#8221;4.27.0&#8243; _module_preset=&#8221;default&#8221; hover_enabled=&#8221;0&#8243; global_colors_info=&#8221;{}&#8221; header_2_font_size=&#8221;66px&#8221; sticky_enabled=&#8221;0&#8243;]<\/p>\n<h2>Inte bara SEO!<\/h2>\n<p>[\/et_pb_text][et_pb_text _builder_version=&#8221;4.24.1&#8243; _module_preset=&#8221;default&#8221; global_colors_info=&#8221;{}&#8221;]<\/p>\n<p>Mina konsulttj\u00e4nster str\u00e4cker sig l\u00e4ngre \u00e4n till SEO.<\/p>\n<p>Jag tillhandah\u00e5ller tj\u00e4nster inom flera andra marknadsf\u00f6rings discipliner till f\u00f6retag i alla storlekar. Jag l\u00e4gger stor vikt vid den snabbt f\u00f6r\u00e4nderliga digitala v\u00e4rlden och erbjuder ett omfattande utbud av tj\u00e4nster som \u00e4r s\u00e4rskilt anpassade f\u00f6r att hj\u00e4lpa f\u00f6retag att n\u00e5 sina m\u00e5l och ligga steget f\u00f6re konkurrenterna inom sina respektive branscher.<\/p>\n<p>Med m\u00e5nga \u00e5rs erfarenhet inom marknadsf\u00f6ring och onlinetj\u00e4nster erbjuder jag expertv\u00e4gledning och st\u00f6d till f\u00f6retag som vill v\u00e4xa online. Oavsett om du precis har b\u00f6rjat och beh\u00f6ver hj\u00e4lp med grunderna, eller om du \u00e4r ett etablerat f\u00f6retag som vill ta dina marknadsf\u00f6ringsinsatser till n\u00e4sta niv\u00e5, finns jag h\u00e4r f\u00f6r att hj\u00e4lpa dig.<\/p>\n<p>Mina tj\u00e4nster omfattar allts\u00e5 ett brett utbud inom av marknadsf\u00f6ring. Se \u00f6versikten nedan och klicka p\u00e5 rubrikerna f\u00f6r att f\u00e5 ytterligare information.<\/p>\n<p>&nbsp;<\/p>\n<p>[\/et_pb_text][et_pb_image src=&#8221;https:\/\/ollemarketing.com\/wp-content\/uploads\/2023\/01\/AdobeStock_513382424-scaled.webp&#8221; alt=&#8221;Tr\u00e4stolpe med skyltar med texter marknadsf\u00f6ring reklam webbplats sociala medier seo.&#8221; title_text=&#8221;seo-digital-marknadsf\u00f6ring-manga-omraden-vagvisare&#8221; force_fullwidth=&#8221;on&#8221; _builder_version=&#8221;4.19.5&#8243; _module_preset=&#8221;default&#8221; custom_margin=&#8221;-20px||||false|false&#8221; global_colors_info=&#8221;{}&#8221;][\/et_pb_image][\/et_pb_column][\/et_pb_row][et_pb_row _builder_version=&#8221;4.19.4&#8243; _module_preset=&#8221;default&#8221; custom_margin=&#8221;-26px||||false|false&#8221; global_colors_info=&#8221;{}&#8221;][et_pb_column type=&#8221;4_4&#8243; _builder_version=&#8221;4.19.4&#8243; _module_preset=&#8221;default&#8221; global_colors_info=&#8221;{}&#8221;][et_pb_text _builder_version=&#8221;4.24.1&#8243; _module_preset=&#8221;default&#8221; header_text_color=&#8221;#000000&#8243; min_height=&#8221;50.5px&#8221; custom_margin=&#8221;40px||23px||false|false&#8221; custom_padding=&#8221;3px|||||&#8221; global_colors_info=&#8221;{}&#8221; transform_styles__hover_enabled=&#8221;on|hover&#8221; transform_scale__hover_enabled=&#8221;on|hover&#8221; transform_translate__hover_enabled=&#8221;on|desktop&#8221; transform_rotate__hover_enabled=&#8221;on|desktop&#8221; transform_skew__hover_enabled=&#8221;on|desktop&#8221; transform_origin__hover_enabled=&#8221;on|desktop&#8221; content__hover_enabled=&#8221;on|hover&#8221; content__hover=&#8221;<\/p>\n<h2><a href=%22https:\/\/ollemarketing.com\/web-traffic-what-is-google-analytics-seo\/%22>Dataanalys av webbtrafik<\/a><\/h2>\n<p>&#8221;]<\/p>\n<h2><a href=\"https:\/\/ollemarketing.com\/sv\/web-traffic-analytics\/\">Dataanalys av webbtrafik<\/a><\/h2>\n<p>[\/et_pb_text][et_pb_text _builder_version=&#8221;4.24.1&#8243; _module_preset=&#8221;9f9f0eda-2ba7-432e-8c76-8abfe92a26ff&#8221; custom_margin=&#8221;-15px||||false|false&#8221; global_colors_info=&#8221;{}&#8221;]<\/p>\n<p>Jag hj\u00e4lper dig att samla in och analysera trafikdata fr\u00e5n din webbplats f\u00f6r att f\u00e5 v\u00e4rdefulla insikter om din m\u00e5lgrupp och optimera din marknadsf\u00f6ringsstrategi. Med hj\u00e4lp av Google Analytics 4 hj\u00e4lper jag dig att m\u00e4ta effektiviteten p\u00e5 din webbplats, identifiera f\u00f6rb\u00e4ttringsomr\u00e5den och fatta datadrivna beslut som leder till mer webbtrafik och uppm\u00e4rksamhet p\u00e5 din webbplats.<\/p>\n<p>[\/et_pb_text][\/et_pb_column][\/et_pb_row][et_pb_row _builder_version=&#8221;4.19.4&#8243; _module_preset=&#8221;default&#8221; custom_margin=&#8221;-41px||||false|false&#8221; global_colors_info=&#8221;{}&#8221;][et_pb_column type=&#8221;4_4&#8243; _builder_version=&#8221;4.19.4&#8243; _module_preset=&#8221;default&#8221; global_colors_info=&#8221;{}&#8221;][et_pb_text _builder_version=&#8221;4.24.1&#8243; _module_preset=&#8221;default&#8221; text_text_color=&#8221;#C2AB92&#8243; custom_margin=&#8221;35px||||false|false&#8221; global_colors_info=&#8221;{}&#8221;]<\/p>\n<h2><a href=\"https:\/\/ollemarketing.com\/sv\/vad-ar-inbound-marketing\/\"><span style=\"color: #c2ab92;\">Inbound Marketing<\/span><\/a><\/h2>\n<p>[\/et_pb_text][et_pb_text _builder_version=&#8221;4.24.1&#8243; _module_preset=&#8221;default&#8221; custom_margin=&#8221;-25px||||false|false&#8221; global_colors_info=&#8221;{}&#8221;]<\/p>\n<p>Inbound Marketing hj\u00e4lper f\u00f6retag att attrahera och engagera kunder genom att tillhandah\u00e5lla v\u00e4rdefullt och relevant inneh\u00e5ll. Jag hj\u00e4lper dig att utveckla en strategi f\u00f6r inneh\u00e5llsmarknadsf\u00f6ring som ligger i linje med dina aff\u00e4rsm\u00e5l, skapa \u00f6vertygande inneh\u00e5ll som n\u00e5r fram till din m\u00e5lgrupp och m\u00e4ta resultaten av dina insatser f\u00f6r att s\u00e4kerst\u00e4lla att dina inbound marketing-insatser ger de resultat du vill ha.<\/p>\n<p>[\/et_pb_text][et_pb_text _builder_version=&#8221;4.24.1&#8243; _module_preset=&#8221;default&#8221; custom_margin=&#8221;40px||||false|false&#8221; global_colors_info=&#8221;{}&#8221;]<\/p>\n<h2><a href=\"https:\/\/ollemarketing.com\/sv\/sem\/\">Search Engine Marketing<\/a><\/h2>\n<p>[\/et_pb_text][et_pb_text _builder_version=&#8221;4.24.1&#8243; _module_preset=&#8221;default&#8221; custom_margin=&#8221;-25px||||false|false&#8221; global_colors_info=&#8221;{}&#8221;]<\/p>\n<p>SEM (Search Engine Marketing) inneb\u00e4r att du anv\u00e4nder betald annonsering p\u00e5 Google Ads f\u00f6r att n\u00e5 din m\u00e5lgrupp. Jag hj\u00e4lper dig att utveckla och genomf\u00f6ra en SEM-kampanj som ligger i linje med dina aff\u00e4rsm\u00e5l och din budget och se till att din annonsering \u00e4r effektiv och kostnadseffektiv.<\/p>\n<p>[\/et_pb_text][et_pb_text _builder_version=&#8221;4.24.1&#8243; _module_preset=&#8221;default&#8221; custom_margin=&#8221;40px||||false|false&#8221; global_colors_info=&#8221;{}&#8221;]<\/p>\n<h2><a href=\"https:\/\/ollemarketing.com\/sv\/digital-marketing\/\">Digital marknadsf\u00f6ring<\/a><\/h2>\n<p>[\/et_pb_text][et_pb_text _builder_version=&#8221;4.24.1&#8243; _module_preset=&#8221;default&#8221; custom_margin=&#8221;-25px||||false|false&#8221; global_colors_info=&#8221;{}&#8221;]<\/p>\n<p>Mina digitala marknadsf\u00f6ringstj\u00e4nster t\u00e4cker alla aspekter av onlinemarknadsf\u00f6ring, fr\u00e5n s\u00f6kmotoroptimering till e-postmarknadsf\u00f6ring och annonsering p\u00e5 sociala medier. Jag hj\u00e4lper dig att utveckla en helt\u00e4ckande digital marknadsf\u00f6ringsstrategi som ligger i linje med dina aff\u00e4rsm\u00e5l och utnyttjar de senaste digitala marknadsf\u00f6ringstrenderna och teknikerna f\u00f6r att se till att du ligger steget f\u00f6re konkurrenterna och n\u00e5r din \u00f6nskade m\u00e5lgrupp.<\/p>\n<p>[\/et_pb_text][et_pb_text _builder_version=&#8221;4.24.1&#8243; _module_preset=&#8221;default&#8221; custom_margin=&#8221;40px||||false|false&#8221; global_colors_info=&#8221;{}&#8221;]<\/p>\n<h2><a href=\"https:\/\/ollemarketing.com\/sv\/project-management\/\">Projektledning<\/a><\/h2>\n<p>[\/et_pb_text][et_pb_text _builder_version=&#8221;4.24.1&#8243; _module_preset=&#8221;default&#8221; custom_margin=&#8221;-25px||||false|false&#8221; global_colors_info=&#8221;{}&#8221;]<\/p>\n<p>Slutligen \u00e4r mina projektledningstj\u00e4nster inom marknadsf\u00f6ring utformade f\u00f6r att hj\u00e4lpa dig att planera och genomf\u00f6ra projekt p\u00e5 ett effektivt s\u00e4tt. Jag hj\u00e4lper dig att ta fram en projektplan, hantera resurser och tidsramar samt se till att ditt projekt slutf\u00f6rs i tid och inom budget.<\/p>\n<p>[\/et_pb_text][et_pb_image src=&#8221;https:\/\/ollemarketing.com\/wp-content\/uploads\/2023\/01\/shutterstock_1682233207-scaled.webp&#8221; title_text=&#8221;welcome-skylt-pa-vaggen&#8221; _builder_version=&#8221;4.19.5&#8243; _module_preset=&#8221;default&#8221; custom_margin=&#8221;50px||||false|false&#8221; global_colors_info=&#8221;{}&#8221;][\/et_pb_image][et_pb_text _builder_version=&#8221;4.24.1&#8243; _module_preset=&#8221;default&#8221; custom_margin=&#8221;55px||||false|false&#8221; global_colors_info=&#8221;{}&#8221;]<\/p>\n<p>Sammanfattningsvis \u00e4r jag dedikerad till att tillhandah\u00e5lla marknadsorienterade l\u00f6sningar som hj\u00e4lper dig att uppn\u00e5 dina m\u00e5l och ligga steget f\u00f6re konkurrenterna i den snabbt f\u00f6r\u00e4nderliga digitala v\u00e4rlden. Om du s\u00f6ker efter en p\u00e5litlig och erfaren marknadsf\u00f6ringskonsult \u00e4r du v\u00e4lkommen att kontakta mig och ta reda p\u00e5 hur jag kan hj\u00e4lpa dig att lyckas.<\/p>\n<p>[\/et_pb_text][\/et_pb_column][\/et_pb_row][et_pb_row column_structure=&#8221;2_5,3_5&#8243; _builder_version=&#8221;4.19.5&#8243; _module_preset=&#8221;default&#8221; global_colors_info=&#8221;{}&#8221;][et_pb_column type=&#8221;2_5&#8243; _builder_version=&#8221;4.19.5&#8243; _module_preset=&#8221;default&#8221; global_colors_info=&#8221;{}&#8221;][et_pb_text _builder_version=&#8221;4.19.5&#8243; _module_preset=&#8221;default&#8221; global_colors_info=&#8221;{}&#8221;]<\/p>\n<p>Tveka inte, ta kontakt och l\u00e5t oss arbeta tillsammans!<\/p>\n<p>[\/et_pb_text][\/et_pb_column][et_pb_column type=&#8221;3_5&#8243; _builder_version=&#8221;4.19.5&#8243; _module_preset=&#8221;default&#8221; global_colors_info=&#8221;{}&#8221;][et_pb_button button_url=&#8221;@ET-DC@eyJkeW5hbWljIjp0cnVlLCJjb250ZW50IjoicG9zdF9saW5rX3VybF9wYWdlIiwic2V0dGluZ3MiOnsicG9zdF9pZCI6IjE3In19@&#8221; button_text=&#8221;kontakta mig&#8221; button_alignment=&#8221;left&#8221; button_alignment_tablet=&#8221;left&#8221; button_alignment_phone=&#8221;center&#8221; button_alignment_last_edited=&#8221;on|phone&#8221; disabled_on=&#8221;on|on|off&#8221; _builder_version=&#8221;4.24.1&#8243; _dynamic_attributes=&#8221;button_url&#8221; _module_preset=&#8221;_initial&#8221; button_border_color=&#8221;#c2ab92&#8243; transform_translate_linked__hover=&#8221;off&#8221; custom_margin=&#8221;-13px||||false|false&#8221; button_text_color_tablet=&#8221;#FFFFFF&#8221; button_text_color_phone=&#8221;#FFFFFF&#8221; button_text_color_last_edited=&#8221;on|phone&#8221; box_shadow_style=&#8221;preset3&#8243; global_colors_info=&#8221;{}&#8221; box_shadow_blur__hover_enabled=&#8221;on|hover&#8221; box_shadow_blur__hover=&#8221;80px&#8221; transform_styles__hover_enabled=&#8221;on|hover&#8221; transform_scale__hover_enabled=&#8221;on|desktop&#8221; transform_translate__hover_enabled=&#8221;on|hover&#8221; transform_rotate__hover_enabled=&#8221;on|desktop&#8221; transform_skew__hover_enabled=&#8221;on|desktop&#8221; transform_origin__hover_enabled=&#8221;on|desktop&#8221; transform_translate__hover=&#8221;0px|5px&#8221;][\/et_pb_button][\/et_pb_column][\/et_pb_row][\/et_pb_section]<\/p>\n","protected":false},"excerpt":{"rendered":"<p>Andra marknadsf\u00f6rings tj\u00e4nster Ut\u00f6ver SEO erbjuder jag tj\u00e4nster inom Data Analytics webbtrafik, Inbound Marketing, SEM samt projektledning.Inte bara SEO!Mina konsulttj\u00e4nster str\u00e4cker sig l\u00e4ngre \u00e4n till SEO. Jag tillhandah\u00e5ller tj\u00e4nster inom flera andra marknadsf\u00f6rings discipliner till f\u00f6retag i alla storlekar. Jag l\u00e4gger stor vikt vid den snabbt f\u00f6r\u00e4nderliga digitala v\u00e4rlden och erbjuder ett omfattande utbud av [&hellip;]<\/p>\n","protected":false},"author":1,"featured_media":0,"parent":0,"menu_order":0,"comment_status":"closed","ping_status":"closed","template":"","meta":{"_et_pb_use_builder":"on","_et_pb_old_content":"","_et_gb_content_width":"","footnotes":""},"class_list":["post-987498817","page","type-page","status-publish","hentry"],"yoast_head":"<!-- This site is optimized with the Yoast SEO plugin v27.4 - https:\/\/yoast.com\/product\/yoast-seo-wordpress\/ -->\n<title>\u00d6vriga tj\u00e4nster - Olle Marketing AB<\/title>\n<meta name=\"robots\" content=\"index, follow, max-snippet:-1, max-image-preview:large, max-video-preview:-1\" \/>\n<link rel=\"canonical\" href=\"https:\/\/ollemarketing.com\/sv\/ovriga-tjanster\/\" \/>\n<meta property=\"og:locale\" content=\"sv_SE\" \/>\n<meta property=\"og:type\" content=\"article\" \/>\n<meta property=\"og:title\" content=\"\u00d6vriga tj\u00e4nster - Olle Marketing AB\" \/>\n<meta property=\"og:description\" content=\"Andra marknadsf\u00f6rings tj\u00e4nster Ut\u00f6ver SEO erbjuder jag tj\u00e4nster inom Data Analytics webbtrafik, Inbound Marketing, SEM samt projektledning.Inte bara SEO!Mina konsulttj\u00e4nster str\u00e4cker sig l\u00e4ngre \u00e4n till SEO. Jag tillhandah\u00e5ller tj\u00e4nster inom flera andra marknadsf\u00f6rings discipliner till f\u00f6retag i alla storlekar. Jag l\u00e4gger stor vikt vid den snabbt f\u00f6r\u00e4nderliga digitala v\u00e4rlden och erbjuder ett omfattande utbud av [&hellip;]\" \/>\n<meta property=\"og:url\" content=\"https:\/\/ollemarketing.com\/sv\/ovriga-tjanster\/\" \/>\n<meta property=\"og:site_name\" content=\"Olle Marketing AB\" \/>\n<meta property=\"article:publisher\" content=\"https:\/\/www.facebook.com\/OlleMarketing\/\" \/>\n<meta property=\"article:modified_time\" content=\"2024-10-24T12:29:59+00:00\" \/>\n<meta property=\"og:image\" content=\"https:\/\/ollemarketing.com\/wp-content\/uploads\/2023\/02\/oolle-meta.png\" \/>\n\t<meta property=\"og:image:width\" content=\"1200\" \/>\n\t<meta property=\"og:image:height\" content=\"675\" \/>\n\t<meta property=\"og:image:type\" content=\"image\/png\" \/>\n<meta name=\"twitter:card\" content=\"summary_large_image\" \/>\n<meta name=\"twitter:label1\" content=\"Ber\u00e4knad l\u00e4stid\" \/>\n\t<meta name=\"twitter:data1\" content=\"8 minuter\" \/>\n<script type=\"application\/ld+json\" class=\"yoast-schema-graph\">{\"@context\":\"https:\\\/\\\/schema.org\",\"@graph\":[{\"@type\":\"WebPage\",\"@id\":\"https:\\\/\\\/ollemarketing.com\\\/sv\\\/ovriga-tjanster\\\/\",\"url\":\"https:\\\/\\\/ollemarketing.com\\\/sv\\\/ovriga-tjanster\\\/\",\"name\":\"\u00d6vriga tj\u00e4nster - Olle Marketing AB\",\"isPartOf\":{\"@id\":\"https:\\\/\\\/ollemarketing.com\\\/sv\\\/#website\"},\"datePublished\":\"2023-02-09T20:23:14+00:00\",\"dateModified\":\"2024-10-24T12:29:59+00:00\",\"breadcrumb\":{\"@id\":\"https:\\\/\\\/ollemarketing.com\\\/sv\\\/ovriga-tjanster\\\/#breadcrumb\"},\"inLanguage\":\"sv-SE\",\"potentialAction\":[{\"@type\":\"ReadAction\",\"target\":[\"https:\\\/\\\/ollemarketing.com\\\/sv\\\/ovriga-tjanster\\\/\"]}]},{\"@type\":\"BreadcrumbList\",\"@id\":\"https:\\\/\\\/ollemarketing.com\\\/sv\\\/ovriga-tjanster\\\/#breadcrumb\",\"itemListElement\":[{\"@type\":\"ListItem\",\"position\":1,\"name\":\"Home\",\"item\":\"https:\\\/\\\/ollemarketing.com\\\/sv\\\/\"},{\"@type\":\"ListItem\",\"position\":2,\"name\":\"\u00d6vriga tj\u00e4nster\"}]},{\"@type\":\"WebSite\",\"@id\":\"https:\\\/\\\/ollemarketing.com\\\/sv\\\/#website\",\"url\":\"https:\\\/\\\/ollemarketing.com\\\/sv\\\/\",\"name\":\"Olle Marketing AB\",\"description\":\"SEO and Digital Marketing\",\"publisher\":{\"@id\":\"https:\\\/\\\/ollemarketing.com\\\/sv\\\/#organization\"},\"potentialAction\":[{\"@type\":\"SearchAction\",\"target\":{\"@type\":\"EntryPoint\",\"urlTemplate\":\"https:\\\/\\\/ollemarketing.com\\\/sv\\\/?s={search_term_string}\"},\"query-input\":{\"@type\":\"PropertyValueSpecification\",\"valueRequired\":true,\"valueName\":\"search_term_string\"}}],\"inLanguage\":\"sv-SE\"},{\"@type\":\"Organization\",\"@id\":\"https:\\\/\\\/ollemarketing.com\\\/sv\\\/#organization\",\"name\":\"Olle Marketing AB\",\"alternateName\":\"Olle Marketing\",\"url\":\"https:\\\/\\\/ollemarketing.com\\\/sv\\\/\",\"logo\":{\"@type\":\"ImageObject\",\"inLanguage\":\"sv-SE\",\"@id\":\"https:\\\/\\\/ollemarketing.com\\\/sv\\\/#\\\/schema\\\/logo\\\/image\\\/\",\"url\":\"https:\\\/\\\/ollemarketing.com\\\/wp-content\\\/uploads\\\/2026\\\/02\\\/Original-1-scaled.png\",\"contentUrl\":\"https:\\\/\\\/ollemarketing.com\\\/wp-content\\\/uploads\\\/2026\\\/02\\\/Original-1-scaled.png\",\"width\":2560,\"height\":2560,\"caption\":\"Olle Marketing AB\"},\"image\":{\"@id\":\"https:\\\/\\\/ollemarketing.com\\\/sv\\\/#\\\/schema\\\/logo\\\/image\\\/\"},\"sameAs\":[\"https:\\\/\\\/www.facebook.com\\\/OlleMarketing\\\/\"]}]}<\/script>\n<!-- \/ Yoast SEO plugin. -->","yoast_head_json":{"title":"\u00d6vriga tj\u00e4nster - Olle Marketing AB","robots":{"index":"index","follow":"follow","max-snippet":"max-snippet:-1","max-image-preview":"max-image-preview:large","max-video-preview":"max-video-preview:-1"},"canonical":"https:\/\/ollemarketing.com\/sv\/ovriga-tjanster\/","og_locale":"sv_SE","og_type":"article","og_title":"\u00d6vriga tj\u00e4nster - Olle Marketing AB","og_description":"Andra marknadsf\u00f6rings tj\u00e4nster Ut\u00f6ver SEO erbjuder jag tj\u00e4nster inom Data Analytics webbtrafik, Inbound Marketing, SEM samt projektledning.Inte bara SEO!Mina konsulttj\u00e4nster str\u00e4cker sig l\u00e4ngre \u00e4n till SEO. Jag tillhandah\u00e5ller tj\u00e4nster inom flera andra marknadsf\u00f6rings discipliner till f\u00f6retag i alla storlekar. Jag l\u00e4gger stor vikt vid den snabbt f\u00f6r\u00e4nderliga digitala v\u00e4rlden och erbjuder ett omfattande utbud av [&hellip;]","og_url":"https:\/\/ollemarketing.com\/sv\/ovriga-tjanster\/","og_site_name":"Olle Marketing AB","article_publisher":"https:\/\/www.facebook.com\/OlleMarketing\/","article_modified_time":"2024-10-24T12:29:59+00:00","og_image":[{"width":1200,"height":675,"url":"https:\/\/ollemarketing.com\/wp-content\/uploads\/2023\/02\/oolle-meta.png","type":"image\/png"}],"twitter_card":"summary_large_image","twitter_misc":{"Ber\u00e4knad l\u00e4stid":"8 minuter"},"schema":{"@context":"https:\/\/schema.org","@graph":[{"@type":"WebPage","@id":"https:\/\/ollemarketing.com\/sv\/ovriga-tjanster\/","url":"https:\/\/ollemarketing.com\/sv\/ovriga-tjanster\/","name":"\u00d6vriga tj\u00e4nster - Olle Marketing AB","isPartOf":{"@id":"https:\/\/ollemarketing.com\/sv\/#website"},"datePublished":"2023-02-09T20:23:14+00:00","dateModified":"2024-10-24T12:29:59+00:00","breadcrumb":{"@id":"https:\/\/ollemarketing.com\/sv\/ovriga-tjanster\/#breadcrumb"},"inLanguage":"sv-SE","potentialAction":[{"@type":"ReadAction","target":["https:\/\/ollemarketing.com\/sv\/ovriga-tjanster\/"]}]},{"@type":"BreadcrumbList","@id":"https:\/\/ollemarketing.com\/sv\/ovriga-tjanster\/#breadcrumb","itemListElement":[{"@type":"ListItem","position":1,"name":"Home","item":"https:\/\/ollemarketing.com\/sv\/"},{"@type":"ListItem","position":2,"name":"\u00d6vriga tj\u00e4nster"}]},{"@type":"WebSite","@id":"https:\/\/ollemarketing.com\/sv\/#website","url":"https:\/\/ollemarketing.com\/sv\/","name":"Olle Marketing AB","description":"SEO and Digital Marketing","publisher":{"@id":"https:\/\/ollemarketing.com\/sv\/#organization"},"potentialAction":[{"@type":"SearchAction","target":{"@type":"EntryPoint","urlTemplate":"https:\/\/ollemarketing.com\/sv\/?s={search_term_string}"},"query-input":{"@type":"PropertyValueSpecification","valueRequired":true,"valueName":"search_term_string"}}],"inLanguage":"sv-SE"},{"@type":"Organization","@id":"https:\/\/ollemarketing.com\/sv\/#organization","name":"Olle Marketing AB","alternateName":"Olle Marketing","url":"https:\/\/ollemarketing.com\/sv\/","logo":{"@type":"ImageObject","inLanguage":"sv-SE","@id":"https:\/\/ollemarketing.com\/sv\/#\/schema\/logo\/image\/","url":"https:\/\/ollemarketing.com\/wp-content\/uploads\/2026\/02\/Original-1-scaled.png","contentUrl":"https:\/\/ollemarketing.com\/wp-content\/uploads\/2026\/02\/Original-1-scaled.png","width":2560,"height":2560,"caption":"Olle Marketing AB"},"image":{"@id":"https:\/\/ollemarketing.com\/sv\/#\/schema\/logo\/image\/"},"sameAs":["https:\/\/www.facebook.com\/OlleMarketing\/"]}]}},"_links":{"self":[{"href":"https:\/\/ollemarketing.com\/sv\/wp-json\/wp\/v2\/pages\/987498817","targetHints":{"allow":["GET"]}}],"collection":[{"href":"https:\/\/ollemarketing.com\/sv\/wp-json\/wp\/v2\/pages"}],"about":[{"href":"https:\/\/ollemarketing.com\/sv\/wp-json\/wp\/v2\/types\/page"}],"author":[{"embeddable":true,"href":"https:\/\/ollemarketing.com\/sv\/wp-json\/wp\/v2\/users\/1"}],"replies":[{"embeddable":true,"href":"https:\/\/ollemarketing.com\/sv\/wp-json\/wp\/v2\/comments?post=987498817"}],"version-history":[{"count":2,"href":"https:\/\/ollemarketing.com\/sv\/wp-json\/wp\/v2\/pages\/987498817\/revisions"}],"predecessor-version":[{"id":987500083,"href":"https:\/\/ollemarketing.com\/sv\/wp-json\/wp\/v2\/pages\/987498817\/revisions\/987500083"}],"wp:attachment":[{"href":"https:\/\/ollemarketing.com\/sv\/wp-json\/wp\/v2\/media?parent=987498817"}],"curies":[{"name":"wp","href":"https:\/\/api.w.org\/{rel}","templated":true}]}}