{"id":987498819,"date":"2023-01-25T15:21:08","date_gmt":"2023-01-25T14:21:08","guid":{"rendered":"https:\/\/ollemarketing.com\/indexering-hur-sokmotorer-tolkar-och-lagrar-dina-sidor\/"},"modified":"2024-10-28T23:02:48","modified_gmt":"2024-10-28T22:02:48","slug":"indexering-hur-sokmotorer-tolkar-och-lagrar-dina-sidor","status":"publish","type":"page","link":"https:\/\/ollemarketing.com\/sv\/indexering-hur-sokmotorer-tolkar-och-lagrar-dina-sidor\/","title":{"rendered":"Indexering Hur s\u00f6kmotorer tolkar och lagrar dina sidor"},"content":{"rendered":"<p>[et_pb_section fb_built=&#8221;1&#8243; _builder_version=&#8221;4.19.4&#8243; _module_preset=&#8221;default&#8221; background_color=&#8221;#FFFFFF&#8221; use_background_color_gradient=&#8221;on&#8221; background_color_gradient_direction=&#8221;90deg&#8221; background_color_gradient_stops=&#8221;rgba(0,0,0,0.82) 0%|rgba(0,0,0,0.22) 100%&#8221; background_color_gradient_overlays_image=&#8221;on&#8221; background_color_gradient_start=&#8221;rgba(0,0,0,0.82)&#8221; background_color_gradient_end=&#8221;rgba(0,0,0,0.22)&#8221; background_image=&#8221;https:\/\/ollemarketing.com\/wp-content\/uploads\/2023\/01\/AdobeStock_410611650-scaled.webp&#8221; custom_padding=&#8221;237px||326px|||&#8221; top_divider_height_tablet=&#8221;50px&#8221; top_divider_height_phone=&#8221;25px&#8221; top_divider_height_last_edited=&#8221;on|phone&#8221; bottom_divider_style=&#8221;asymmetric3&#8243; bottom_divider_color=&#8221;#FFFFFF&#8221; global_colors_info=&#8221;{}&#8221;][et_pb_row _builder_version=&#8221;4.16&#8243; _module_preset=&#8221;default&#8221; custom_padding=&#8221;10px|||||&#8221; global_colors_info=&#8221;{}&#8221;][et_pb_column type=&#8221;4_4&#8243; _builder_version=&#8221;4.16&#8243; _module_preset=&#8221;default&#8221; global_colors_info=&#8221;{}&#8221;][et_pb_text _builder_version=&#8221;4.20.1&#8243; _module_preset=&#8221;default&#8221; text_text_color=&#8221;#E5E5E5&#8243; text_font_size=&#8221;30px&#8221; header_font_size=&#8221;100px&#8221; width=&#8221;100%&#8221; min_height=&#8221;83.8px&#8221; custom_margin=&#8221;|-1009px||0px||&#8221; custom_padding=&#8221;0px|0px|10px|||&#8221; global_colors_info=&#8221;{}&#8221;]<\/p>\n<h1>Search Engine Optimization<\/h1>\n<p>#4 Indexering av dina webbsidor<\/p>\n<p>[\/et_pb_text][\/et_pb_column][\/et_pb_row][\/et_pb_section][et_pb_section fb_built=&#8221;1&#8243; _builder_version=&#8221;4.19.4&#8243; _module_preset=&#8221;default&#8221; global_colors_info=&#8221;{}&#8221;][et_pb_row _builder_version=&#8221;4.19.4&#8243; _module_preset=&#8221;default&#8221; global_colors_info=&#8221;{}&#8221;][et_pb_column type=&#8221;4_4&#8243; _builder_version=&#8221;4.19.4&#8243; _module_preset=&#8221;default&#8221; global_colors_info=&#8221;{}&#8221;][et_pb_text _builder_version=&#8221;4.27.0&#8243; _module_preset=&#8221;default&#8221; header_text_color=&#8221;#000000&#8243; hover_enabled=&#8221;0&#8243; global_colors_info=&#8221;{}&#8221; header_2_font_size=&#8221;66px&#8221; sticky_enabled=&#8221;0&#8243;]<\/p>\n<h2>How search engines interpret and store your webpages<\/h2>\n<p>[\/et_pb_text][et_pb_text _builder_version=&#8221;4.19.5&#8243; _module_preset=&#8221;default&#8221; custom_margin=&#8221;50px||||false|false&#8221; global_colors_info=&#8221;{}&#8221;]<\/p>\n<h2>Index \u00e4r den plats d\u00e4r dina webbsidor lagras<\/h2>\n<p>[\/et_pb_text][et_pb_text _builder_version=&#8221;4.19.5&#8243; _module_preset=&#8221;default&#8221; custom_margin=&#8221;-15px||||false|false&#8221; global_colors_info=&#8221;{}&#8221;]<\/p>\n<p>Att din webbplats \u00e4r s\u00f6kbar och genoms\u00f6ks av en s\u00f6kmotor \u00e4r ingen garanti f\u00f6r att den kommer att indexeras. N\u00e4r en s\u00f6krobot hittar en sida analyserar s\u00f6kmotorn inneh\u00e5llet, renderar det som en webbl\u00e4sare skulle g\u00f6ra och lagrar all information i sitt index. Indexet \u00e4r den plats d\u00e4r dina uppt\u00e4ckta sidor lagras.<\/p>\n<p>[\/et_pb_text][et_pb_text _builder_version=&#8221;4.19.4&#8243; _module_preset=&#8221;default&#8221; custom_padding=&#8221;15px||||false|false&#8221; global_colors_info=&#8221;{}&#8221;]<\/p>\n<h2>Visa hur en Googlebot ser en webbsida<\/h2>\n<p>[\/et_pb_text][et_pb_text _builder_version=&#8221;4.19.5&#8243; _module_preset=&#8221;default&#8221; custom_margin=&#8221;-20px||||false|false&#8221; global_colors_info=&#8221;{}&#8221;]<\/p>\n<p>Google genoms\u00f6ker och lagrar webbsidor i sin cache med varierande intervall. F\u00f6r att se den cachade versionen av en sida, klicka p\u00e5 rullgardinsmenyn bredvid URL:en p\u00e5 SERP och v\u00e4lj &#8221;Cachad&#8221;.<\/p>\n<p>Ett annat s\u00e4tt att bed\u00f6ma om ditt viktiga inneh\u00e5ll genoms\u00f6ks och cachas effektivt \u00e4r att visa webbplatsens textversion.<\/p>\n<p>[\/et_pb_text][et_pb_text _builder_version=&#8221;4.19.4&#8243; _module_preset=&#8221;default&#8221; custom_padding=&#8221;15px||||false|false&#8221; global_colors_info=&#8221;{}&#8221;]<\/p>\n<h2>Hur Google bygger upp sitt s\u00f6kindex<\/h2>\n<p>[\/et_pb_text][\/et_pb_column][\/et_pb_row][et_pb_row column_structure=&#8221;2_5,3_5&#8243; _builder_version=&#8221;4.19.4&#8243; _module_preset=&#8221;default&#8221; custom_margin=&#8221;-20px||||false|false&#8221; global_colors_info=&#8221;{}&#8221;][et_pb_column type=&#8221;2_5&#8243; _builder_version=&#8221;4.19.4&#8243; _module_preset=&#8221;default&#8221; global_colors_info=&#8221;{}&#8221;][et_pb_text _builder_version=&#8221;4.19.4&#8243; _module_preset=&#8221;default&#8221; global_colors_info=&#8221;{}&#8221;]<\/p>\n<p>Indexeringsprocessen b\u00f6rjar med en k\u00e4nd lista \u00f6ver webbadresser. Google uppt\u00e4cker dessa p\u00e5 flera olika s\u00e4tt.<\/p>\n<p>Crawling inneb\u00e4r att en datorbot, en s\u00e5 kallad spindel, bes\u00f6ker och laddar ner k\u00e4nda webbadresser. Googles s\u00f6krobot kallas Googlebot.<\/p>\n<p>Bearbetning \u00e4r Googles s\u00e4tt att f\u00f6rst\u00e5 och extrahera viktig information fr\u00e5n genoms\u00f6kta sidor. F\u00f6r att kunna g\u00f6ra detta m\u00e5ste den rendera sidan, vilket inneb\u00e4r att den k\u00f6r sidans kod f\u00f6r att f\u00f6rst\u00e5 hur den ser ut f\u00f6r anv\u00e4ndarna.<\/p>\n<p>Indexering inneb\u00e4r att bearbetad information fr\u00e5n genoms\u00f6kta sidor l\u00e4ggs till i s\u00f6kindexet.<\/p>\n<p>S\u00f6kindexet \u00e4r det du s\u00f6ker i n\u00e4r du anv\u00e4nder en s\u00f6kmotor. Det \u00e4r d\u00e4rf\u00f6r det \u00e4r s\u00e5 viktigt att f\u00e5 din webbplats indexerad i Google. Din webbplats kan inte hittas om den inte \u00e4r indexerad.<\/p>\n<p>[\/et_pb_text][\/et_pb_column][et_pb_column type=&#8221;3_5&#8243; _builder_version=&#8221;4.19.4&#8243; _module_preset=&#8221;default&#8221; global_colors_info=&#8221;{}&#8221;][et_pb_image src=&#8221;https:\/\/ollemarketing.com\/wp-content\/uploads\/2023\/01\/Indexing-3.jpg&#8221; title_text=&#8221;Indexering 3&#8243; _builder_version=&#8221;4.19.4&#8243; _module_preset=&#8221;default&#8221; global_colors_info=&#8221;{}&#8221;][\/et_pb_image][\/et_pb_column][\/et_pb_row][et_pb_row _builder_version=&#8221;4.19.4&#8243; _module_preset=&#8221;default&#8221; global_colors_info=&#8221;{}&#8221;][et_pb_column type=&#8221;4_4&#8243; _builder_version=&#8221;4.19.4&#8243; _module_preset=&#8221;default&#8221; global_colors_info=&#8221;{}&#8221;][et_pb_text _builder_version=&#8221;4.19.4&#8243; _module_preset=&#8221;default&#8221; custom_padding=&#8221;15px||||false|false&#8221; global_colors_info=&#8221;{}&#8221;]<\/p>\n<h2>Ber\u00e4tta f\u00f6r s\u00f6kmotorer hur de ska indexera din webbplats<\/h2>\n<p>[\/et_pb_text][et_pb_text _builder_version=&#8221;4.19.5&#8243; _module_preset=&#8221;default&#8221; custom_margin=&#8221;-20px||||false|false&#8221; global_colors_info=&#8221;{}&#8221;]<\/p>\n<p>Genom att f\u00f6rst\u00e5 de olika metoder som kan p\u00e5verka crawling och indexering kan du undvika typiska f\u00e4llor som kan hindra uppt\u00e4ckten av dina viktiga webbsidor.<\/p>\n<p>[\/et_pb_text][\/et_pb_column][\/et_pb_row][et_pb_row _builder_version=&#8221;4.19.4&#8243; _module_preset=&#8221;default&#8221; custom_margin=&#8221;-15px||||false|false&#8221; global_colors_info=&#8221;{}&#8221;][et_pb_column type=&#8221;4_4&#8243; _builder_version=&#8221;4.19.4&#8243; _module_preset=&#8221;default&#8221; global_colors_info=&#8221;{}&#8221;][et_pb_text _builder_version=&#8221;4.19.4&#8243; _module_preset=&#8221;default&#8221; global_colors_info=&#8221;{}&#8221;]<\/p>\n<h3>Robots metadirektiv<\/h3>\n<p>[\/et_pb_text][et_pb_text _builder_version=&#8221;4.19.5&#8243; _module_preset=&#8221;default&#8221; custom_margin=&#8221;-30px||||false|false&#8221; global_colors_info=&#8221;{}&#8221;]<\/p>\n<p>Metataggen robots kan anv\u00e4ndas i HTML p\u00e5 din webbsida. Den kan utesluta alla eller vissa s\u00f6kmotorer. F\u00f6ljande \u00e4r de vanligaste metadirektiven och vilka situationer du kan anv\u00e4nda dem i.<\/p>\n<p>[\/et_pb_text][et_pb_text _builder_version=&#8221;4.19.4&#8243; _module_preset=&#8221;default&#8221; custom_margin=&#8221;||7px|||&#8221; global_colors_info=&#8221;{}&#8221;]<\/p>\n<h4>Ranking i s\u00f6kmotorer<\/h4>\n<p>[\/et_pb_text][et_pb_text _builder_version=&#8221;4.19.4&#8243; _module_preset=&#8221;default&#8221; locked=&#8221;off&#8221; global_colors_info=&#8221;{}&#8221;]<\/p>\n<p><strong>Index \/ inget index<\/strong><\/p>\n<p>[\/et_pb_text][et_pb_text _builder_version=&#8221;4.19.5&#8243; _module_preset=&#8221;default&#8221; custom_margin=&#8221;-30px||||false|false&#8221; locked=&#8221;off&#8221; global_colors_info=&#8221;{}&#8221;]<\/p>\n<p>Detta alternativ styr s\u00f6kmotorerna om de ska genoms\u00f6ka sidan och inkludera den i sitt index f\u00f6r framtida h\u00e4mtning. Om du v\u00e4ljer att anv\u00e4nda alternativet &#8221;inget index&#8221; anger du f\u00f6r s\u00f6kmotorerna att du inte vill att sidan ska visas i s\u00f6kresultaten.<\/p>\n<p>[\/et_pb_text][et_pb_text _builder_version=&#8221;4.19.4&#8243; _module_preset=&#8221;default&#8221; locked=&#8221;off&#8221; global_colors_info=&#8221;{}&#8221;]<\/p>\n<p><strong>F\u00f6lja \/ Inte f\u00f6lja<\/strong><\/p>\n<p>[\/et_pb_text][et_pb_text _builder_version=&#8221;4.19.4&#8243; _module_preset=&#8221;default&#8221; custom_margin=&#8221;-30px||||false|false&#8221; locked=&#8221;off&#8221; global_colors_info=&#8221;{}&#8221;]<\/p>\n<p>Detta talar om f\u00f6r s\u00f6kmotorer om l\u00e4nkar p\u00e5 sidan ska f\u00f6ljas eller inte f\u00f6ljas.<\/p>\n<p>[\/et_pb_text][et_pb_text _builder_version=&#8221;4.19.4&#8243; _module_preset=&#8221;default&#8221; locked=&#8221;off&#8221; global_colors_info=&#8221;{}&#8221;]<\/p>\n<p><strong>Inget arkiv<\/strong><\/p>\n<p>[\/et_pb_text][et_pb_text _builder_version=&#8221;4.19.4&#8243; _module_preset=&#8221;default&#8221; custom_margin=&#8221;-30px||||false|false&#8221; locked=&#8221;off&#8221; global_colors_info=&#8221;{}&#8221;]<\/p>\n<p>Optimera dina titeltaggar och metabeskrivningar f\u00f6r att f\u00f6rb\u00e4ttra klickfrekvensen p\u00e5 dina webbsidor.<\/p>\n<p>[\/et_pb_text][\/et_pb_column][\/et_pb_row][et_pb_row _builder_version=&#8221;4.19.5&#8243; _module_preset=&#8221;default&#8221; global_colors_info=&#8221;{}&#8221;][et_pb_column type=&#8221;4_4&#8243; _builder_version=&#8221;4.19.5&#8243; _module_preset=&#8221;default&#8221; global_colors_info=&#8221;{}&#8221;][et_pb_button button_url=&#8221;https:\/\/ollemarketing.com\/sv\/hur-rankar-sokmotorer-urler\/&#8221; button_text=&#8221;Forts\u00e4tt till SEO kapitel 5&#8243; button_alignment=&#8221;left&#8221; _builder_version=&#8221;4.19.5&#8243; _module_preset=&#8221;default&#8221; transform_translate=&#8221;0px|5px&#8221; transform_translate_linked=&#8221;off&#8221; custom_padding=&#8221;12px|20px|12px|20px|true|false&#8221; box_shadow_style=&#8221;preset3&#8243; global_colors_info=&#8221;{}&#8221; box_shadow_blur__hover_enabled=&#8221;on|hover&#8221; box_shadow_blur__hover=&#8221;80px&#8221;][\/et_pb_button][\/et_pb_column][\/et_pb_row][\/et_pb_section]<\/p>\n","protected":false},"excerpt":{"rendered":"<p>F\u00f6rst\u00e5 hur s\u00f6kmotorer tolkar och lagrar webbsidor med v\u00e5r indexeringsguide. F\u00f6rb\u00e4ttra din hemsidas synlighet och optimera redan idag!<\/p>\n","protected":false},"author":1,"featured_media":0,"parent":0,"menu_order":0,"comment_status":"closed","ping_status":"closed","template":"","meta":{"_et_pb_use_builder":"on","_et_pb_old_content":"","_et_gb_content_width":"","footnotes":""},"class_list":["post-987498819","page","type-page","status-publish","hentry"],"yoast_head":"<!-- This site is optimized with the Yoast SEO plugin v27.4 - https:\/\/yoast.com\/product\/yoast-seo-wordpress\/ -->\n<title>Indexering Hur s\u00f6kmotorer tolkar och lagrar dina sidor - Olle Marketing AB<\/title>\n<meta name=\"description\" content=\"F\u00f6rst\u00e5 hur s\u00f6kmotorer tolkar och lagrar webbsidor med v\u00e5r indexeringsguide. F\u00f6rb\u00e4ttra din hemsidas synlighet och optimera redan idag!\" \/>\n<meta name=\"robots\" content=\"index, follow, max-snippet:-1, max-image-preview:large, max-video-preview:-1\" \/>\n<link rel=\"canonical\" href=\"https:\/\/ollemarketing.com\/sv\/indexering-hur-sokmotorer-tolkar-och-lagrar-dina-sidor\/\" \/>\n<meta property=\"og:locale\" content=\"sv_SE\" \/>\n<meta property=\"og:type\" content=\"article\" \/>\n<meta property=\"og:title\" content=\"Indexering Hur s\u00f6kmotorer tolkar och lagrar dina sidor - Olle Marketing AB\" \/>\n<meta property=\"og:description\" content=\"F\u00f6rst\u00e5 hur s\u00f6kmotorer tolkar och lagrar webbsidor med v\u00e5r indexeringsguide. F\u00f6rb\u00e4ttra din hemsidas synlighet och optimera redan idag!\" \/>\n<meta property=\"og:url\" content=\"https:\/\/ollemarketing.com\/sv\/indexering-hur-sokmotorer-tolkar-och-lagrar-dina-sidor\/\" \/>\n<meta property=\"og:site_name\" content=\"Olle Marketing AB\" \/>\n<meta property=\"article:publisher\" content=\"https:\/\/www.facebook.com\/OlleMarketing\/\" \/>\n<meta property=\"article:modified_time\" content=\"2024-10-28T22:02:48+00:00\" \/>\n<meta property=\"og:image\" content=\"https:\/\/ollemarketing.com\/wp-content\/uploads\/2023\/02\/oolle-meta.png\" \/>\n\t<meta property=\"og:image:width\" content=\"1200\" \/>\n\t<meta property=\"og:image:height\" content=\"675\" \/>\n\t<meta property=\"og:image:type\" content=\"image\/png\" \/>\n<meta name=\"twitter:card\" content=\"summary_large_image\" \/>\n<meta name=\"twitter:label1\" content=\"Ber\u00e4knad l\u00e4stid\" \/>\n\t<meta name=\"twitter:data1\" content=\"6 minuter\" \/>\n<script type=\"application\/ld+json\" class=\"yoast-schema-graph\">{\"@context\":\"https:\\\/\\\/schema.org\",\"@graph\":[{\"@type\":\"WebPage\",\"@id\":\"https:\\\/\\\/ollemarketing.com\\\/sv\\\/indexering-hur-sokmotorer-tolkar-och-lagrar-dina-sidor\\\/\",\"url\":\"https:\\\/\\\/ollemarketing.com\\\/sv\\\/indexering-hur-sokmotorer-tolkar-och-lagrar-dina-sidor\\\/\",\"name\":\"Indexering Hur s\u00f6kmotorer tolkar och lagrar dina sidor - Olle Marketing AB\",\"isPartOf\":{\"@id\":\"https:\\\/\\\/ollemarketing.com\\\/sv\\\/#website\"},\"datePublished\":\"2023-01-25T14:21:08+00:00\",\"dateModified\":\"2024-10-28T22:02:48+00:00\",\"description\":\"F\u00f6rst\u00e5 hur s\u00f6kmotorer tolkar och lagrar webbsidor med v\u00e5r indexeringsguide. F\u00f6rb\u00e4ttra din hemsidas synlighet och optimera redan idag!\",\"breadcrumb\":{\"@id\":\"https:\\\/\\\/ollemarketing.com\\\/sv\\\/indexering-hur-sokmotorer-tolkar-och-lagrar-dina-sidor\\\/#breadcrumb\"},\"inLanguage\":\"sv-SE\",\"potentialAction\":[{\"@type\":\"ReadAction\",\"target\":[\"https:\\\/\\\/ollemarketing.com\\\/sv\\\/indexering-hur-sokmotorer-tolkar-och-lagrar-dina-sidor\\\/\"]}]},{\"@type\":\"BreadcrumbList\",\"@id\":\"https:\\\/\\\/ollemarketing.com\\\/sv\\\/indexering-hur-sokmotorer-tolkar-och-lagrar-dina-sidor\\\/#breadcrumb\",\"itemListElement\":[{\"@type\":\"ListItem\",\"position\":1,\"name\":\"Home\",\"item\":\"https:\\\/\\\/ollemarketing.com\\\/sv\\\/\"},{\"@type\":\"ListItem\",\"position\":2,\"name\":\"Indexering Hur s\u00f6kmotorer tolkar och lagrar dina sidor\"}]},{\"@type\":\"WebSite\",\"@id\":\"https:\\\/\\\/ollemarketing.com\\\/sv\\\/#website\",\"url\":\"https:\\\/\\\/ollemarketing.com\\\/sv\\\/\",\"name\":\"Olle Marketing AB\",\"description\":\"SEO and Digital Marketing\",\"publisher\":{\"@id\":\"https:\\\/\\\/ollemarketing.com\\\/sv\\\/#organization\"},\"potentialAction\":[{\"@type\":\"SearchAction\",\"target\":{\"@type\":\"EntryPoint\",\"urlTemplate\":\"https:\\\/\\\/ollemarketing.com\\\/sv\\\/?s={search_term_string}\"},\"query-input\":{\"@type\":\"PropertyValueSpecification\",\"valueRequired\":true,\"valueName\":\"search_term_string\"}}],\"inLanguage\":\"sv-SE\"},{\"@type\":\"Organization\",\"@id\":\"https:\\\/\\\/ollemarketing.com\\\/sv\\\/#organization\",\"name\":\"Olle Marketing AB\",\"alternateName\":\"Olle Marketing\",\"url\":\"https:\\\/\\\/ollemarketing.com\\\/sv\\\/\",\"logo\":{\"@type\":\"ImageObject\",\"inLanguage\":\"sv-SE\",\"@id\":\"https:\\\/\\\/ollemarketing.com\\\/sv\\\/#\\\/schema\\\/logo\\\/image\\\/\",\"url\":\"https:\\\/\\\/ollemarketing.com\\\/wp-content\\\/uploads\\\/2026\\\/02\\\/Original-1-scaled.png\",\"contentUrl\":\"https:\\\/\\\/ollemarketing.com\\\/wp-content\\\/uploads\\\/2026\\\/02\\\/Original-1-scaled.png\",\"width\":2560,\"height\":2560,\"caption\":\"Olle Marketing AB\"},\"image\":{\"@id\":\"https:\\\/\\\/ollemarketing.com\\\/sv\\\/#\\\/schema\\\/logo\\\/image\\\/\"},\"sameAs\":[\"https:\\\/\\\/www.facebook.com\\\/OlleMarketing\\\/\"]}]}<\/script>\n<!-- \/ Yoast SEO plugin. -->","yoast_head_json":{"title":"Indexering Hur s\u00f6kmotorer tolkar och lagrar dina sidor - Olle Marketing AB","description":"F\u00f6rst\u00e5 hur s\u00f6kmotorer tolkar och lagrar webbsidor med v\u00e5r indexeringsguide. F\u00f6rb\u00e4ttra din hemsidas synlighet och optimera redan idag!","robots":{"index":"index","follow":"follow","max-snippet":"max-snippet:-1","max-image-preview":"max-image-preview:large","max-video-preview":"max-video-preview:-1"},"canonical":"https:\/\/ollemarketing.com\/sv\/indexering-hur-sokmotorer-tolkar-och-lagrar-dina-sidor\/","og_locale":"sv_SE","og_type":"article","og_title":"Indexering Hur s\u00f6kmotorer tolkar och lagrar dina sidor - Olle Marketing AB","og_description":"F\u00f6rst\u00e5 hur s\u00f6kmotorer tolkar och lagrar webbsidor med v\u00e5r indexeringsguide. F\u00f6rb\u00e4ttra din hemsidas synlighet och optimera redan idag!","og_url":"https:\/\/ollemarketing.com\/sv\/indexering-hur-sokmotorer-tolkar-och-lagrar-dina-sidor\/","og_site_name":"Olle Marketing AB","article_publisher":"https:\/\/www.facebook.com\/OlleMarketing\/","article_modified_time":"2024-10-28T22:02:48+00:00","og_image":[{"width":1200,"height":675,"url":"https:\/\/ollemarketing.com\/wp-content\/uploads\/2023\/02\/oolle-meta.png","type":"image\/png"}],"twitter_card":"summary_large_image","twitter_misc":{"Ber\u00e4knad l\u00e4stid":"6 minuter"},"schema":{"@context":"https:\/\/schema.org","@graph":[{"@type":"WebPage","@id":"https:\/\/ollemarketing.com\/sv\/indexering-hur-sokmotorer-tolkar-och-lagrar-dina-sidor\/","url":"https:\/\/ollemarketing.com\/sv\/indexering-hur-sokmotorer-tolkar-och-lagrar-dina-sidor\/","name":"Indexering Hur s\u00f6kmotorer tolkar och lagrar dina sidor - Olle Marketing AB","isPartOf":{"@id":"https:\/\/ollemarketing.com\/sv\/#website"},"datePublished":"2023-01-25T14:21:08+00:00","dateModified":"2024-10-28T22:02:48+00:00","description":"F\u00f6rst\u00e5 hur s\u00f6kmotorer tolkar och lagrar webbsidor med v\u00e5r indexeringsguide. F\u00f6rb\u00e4ttra din hemsidas synlighet och optimera redan idag!","breadcrumb":{"@id":"https:\/\/ollemarketing.com\/sv\/indexering-hur-sokmotorer-tolkar-och-lagrar-dina-sidor\/#breadcrumb"},"inLanguage":"sv-SE","potentialAction":[{"@type":"ReadAction","target":["https:\/\/ollemarketing.com\/sv\/indexering-hur-sokmotorer-tolkar-och-lagrar-dina-sidor\/"]}]},{"@type":"BreadcrumbList","@id":"https:\/\/ollemarketing.com\/sv\/indexering-hur-sokmotorer-tolkar-och-lagrar-dina-sidor\/#breadcrumb","itemListElement":[{"@type":"ListItem","position":1,"name":"Home","item":"https:\/\/ollemarketing.com\/sv\/"},{"@type":"ListItem","position":2,"name":"Indexering Hur s\u00f6kmotorer tolkar och lagrar dina sidor"}]},{"@type":"WebSite","@id":"https:\/\/ollemarketing.com\/sv\/#website","url":"https:\/\/ollemarketing.com\/sv\/","name":"Olle Marketing AB","description":"SEO and Digital Marketing","publisher":{"@id":"https:\/\/ollemarketing.com\/sv\/#organization"},"potentialAction":[{"@type":"SearchAction","target":{"@type":"EntryPoint","urlTemplate":"https:\/\/ollemarketing.com\/sv\/?s={search_term_string}"},"query-input":{"@type":"PropertyValueSpecification","valueRequired":true,"valueName":"search_term_string"}}],"inLanguage":"sv-SE"},{"@type":"Organization","@id":"https:\/\/ollemarketing.com\/sv\/#organization","name":"Olle Marketing AB","alternateName":"Olle Marketing","url":"https:\/\/ollemarketing.com\/sv\/","logo":{"@type":"ImageObject","inLanguage":"sv-SE","@id":"https:\/\/ollemarketing.com\/sv\/#\/schema\/logo\/image\/","url":"https:\/\/ollemarketing.com\/wp-content\/uploads\/2026\/02\/Original-1-scaled.png","contentUrl":"https:\/\/ollemarketing.com\/wp-content\/uploads\/2026\/02\/Original-1-scaled.png","width":2560,"height":2560,"caption":"Olle Marketing AB"},"image":{"@id":"https:\/\/ollemarketing.com\/sv\/#\/schema\/logo\/image\/"},"sameAs":["https:\/\/www.facebook.com\/OlleMarketing\/"]}]}},"_links":{"self":[{"href":"https:\/\/ollemarketing.com\/sv\/wp-json\/wp\/v2\/pages\/987498819","targetHints":{"allow":["GET"]}}],"collection":[{"href":"https:\/\/ollemarketing.com\/sv\/wp-json\/wp\/v2\/pages"}],"about":[{"href":"https:\/\/ollemarketing.com\/sv\/wp-json\/wp\/v2\/types\/page"}],"author":[{"embeddable":true,"href":"https:\/\/ollemarketing.com\/sv\/wp-json\/wp\/v2\/users\/1"}],"replies":[{"embeddable":true,"href":"https:\/\/ollemarketing.com\/sv\/wp-json\/wp\/v2\/comments?post=987498819"}],"version-history":[{"count":2,"href":"https:\/\/ollemarketing.com\/sv\/wp-json\/wp\/v2\/pages\/987498819\/revisions"}],"predecessor-version":[{"id":987500157,"href":"https:\/\/ollemarketing.com\/sv\/wp-json\/wp\/v2\/pages\/987498819\/revisions\/987500157"}],"wp:attachment":[{"href":"https:\/\/ollemarketing.com\/sv\/wp-json\/wp\/v2\/media?parent=987498819"}],"curies":[{"name":"wp","href":"https:\/\/api.w.org\/{rel}","templated":true}]}}