{"id":987498851,"date":"2023-01-25T18:04:39","date_gmt":"2023-01-25T17:04:39","guid":{"rendered":"https:\/\/ollemarketing.com\/hur-rankar-sokmotorer-urler\/"},"modified":"2024-10-24T13:00:47","modified_gmt":"2024-10-24T11:00:47","slug":"hur-rankar-sokmotorer-urler","status":"publish","type":"page","link":"https:\/\/ollemarketing.com\/sv\/hur-rankar-sokmotorer-urler\/","title":{"rendered":"Hur rankar s\u00f6kmotorer URL:er?"},"content":{"rendered":"<p>[et_pb_section fb_built=&#8221;1&#8243; _builder_version=&#8221;4.19.4&#8243; _module_preset=&#8221;default&#8221; background_color=&#8221;#FFFFFF&#8221; use_background_color_gradient=&#8221;on&#8221; background_color_gradient_direction=&#8221;90deg&#8221; background_color_gradient_stops=&#8221;rgba(0,0,0,0.82) 0%|rgba(0,0,0,0.22) 100%&#8221; background_color_gradient_overlays_image=&#8221;on&#8221; background_color_gradient_start=&#8221;rgba(0,0,0,0.82)&#8221; background_color_gradient_end=&#8221;rgba(0,0,0,0.22)&#8221; background_image=&#8221;https:\/\/ollemarketing.com\/wp-content\/uploads\/2023\/01\/AdobeStock_410611650-scaled.webp&#8221; custom_padding=&#8221;237px||326px|||&#8221; top_divider_height_tablet=&#8221;50px&#8221; top_divider_height_phone=&#8221;25px&#8221; top_divider_height_last_edited=&#8221;on|phone&#8221; bottom_divider_style=&#8221;asymmetric3&#8243; bottom_divider_color=&#8221;#FFFFFF&#8221; global_colors_info=&#8221;{}&#8221;][et_pb_row _builder_version=&#8221;4.16&#8243; _module_preset=&#8221;default&#8221; custom_padding=&#8221;10px|||||&#8221; global_colors_info=&#8221;{}&#8221;][et_pb_column type=&#8221;4_4&#8243; _builder_version=&#8221;4.16&#8243; _module_preset=&#8221;default&#8221; global_colors_info=&#8221;{}&#8221;][et_pb_text _builder_version=&#8221;4.20.1&#8243; _module_preset=&#8221;default&#8221; text_text_color=&#8221;#E5E5E5&#8243; text_font_size=&#8221;30px&#8221; header_font_size=&#8221;100px&#8221; width=&#8221;99.9%&#8221; min_height=&#8221;83.8px&#8221; custom_margin=&#8221;|||0px||&#8221; custom_padding=&#8221;0px|1px|10px|||&#8221; global_colors_info=&#8221;{}&#8221;]<\/p>\n<h1>Search Engine Optimization<\/h1>\n<p>#5 Ranking av URL<\/p>\n<p>[\/et_pb_text][\/et_pb_column][\/et_pb_row][\/et_pb_section][et_pb_section fb_built=&#8221;1&#8243; _builder_version=&#8221;4.19.4&#8243; _module_preset=&#8221;default&#8221; global_colors_info=&#8221;{}&#8221;][et_pb_row _builder_version=&#8221;4.19.4&#8243; _module_preset=&#8221;default&#8221; global_colors_info=&#8221;{}&#8221;][et_pb_column type=&#8221;4_4&#8243; _builder_version=&#8221;4.19.4&#8243; _module_preset=&#8221;default&#8221; global_colors_info=&#8221;{}&#8221;][et_pb_text _builder_version=&#8221;4.27.0&#8243; _module_preset=&#8221;default&#8221; header_text_color=&#8221;#000000&#8243; hover_enabled=&#8221;0&#8243; global_colors_info=&#8221;{}&#8221; header_font_size=&#8221;66px&#8221; sticky_enabled=&#8221;0&#8243; header_2_font_size=&#8221;66px&#8221;]<\/p>\n<h2>Hur rankar s\u00f6kmotorer URL:er?<\/h2>\n<p>[\/et_pb_text][et_pb_text _builder_version=&#8221;4.24.1&#8243; _module_preset=&#8221;default&#8221; global_colors_info=&#8221;{}&#8221;]<\/p>\n<h2>F\u00f6rst\u00e5 hur ranking fungerar och ditt SEO arbete blir mer effektivt!<\/h2>\n<p>[\/et_pb_text][et_pb_text _builder_version=&#8221;4.24.1&#8243; _module_preset=&#8221;default&#8221; custom_margin=&#8221;-15px||||false|false&#8221; global_colors_info=&#8221;{}&#8221;]<\/p>\n<p>Hur ser s\u00f6kmotorerna till att anv\u00e4ndarna f\u00e5r relevanta resultat n\u00e4r de g\u00f6r en s\u00f6kning? Rankningsprocessen inneb\u00e4r att s\u00f6kresultaten sorteras fr\u00e5n mest relevanta till minst l\u00e4mpliga f\u00f6r en viss s\u00f6kning.<\/p>\n<p>S\u00f6kmotorer anv\u00e4nder algoritmer &#8211; procedurer eller formler som h\u00e4mtar och organiserar lagrade data p\u00e5 ett meningsfullt s\u00e4tt. Dessa algoritmer har genomg\u00e5tt betydande f\u00f6r\u00e4ndringar under \u00e5rens lopp f\u00f6r att f\u00f6rb\u00e4ttra kvaliteten p\u00e5 s\u00f6kresultaten.<\/p>\n<p><strong><a href=\"https:\/\/ollemarketing.com\/sv\/adrank\/\" target=\"_blank\" rel=\"noopener\" title=\"Ramkingalgoritmer\">Rankingalgoritmer <\/a><\/strong>uppdateras ofta, Google \u00e4ndrar sina algoritmer troligtvis dagligen. Google avsl\u00f6jar s\u00e4llan detaljerna i sina algoritmer, men det \u00e4r uppenbart att deras m\u00e5l \u00e4r att f\u00f6rb\u00e4ttra den \u00f6vergripande s\u00f6kkvaliteten. Om en algoritmuppdatering p\u00e5verkade din webbplats b\u00f6r du l\u00e4sa Googles kvalitetsriktlinjer f\u00f6r att identifiera omr\u00e5den som kan f\u00f6rb\u00e4ttras.<\/p>\n<p>[\/et_pb_text][\/et_pb_column][\/et_pb_row][et_pb_row _builder_version=&#8221;4.19.4&#8243; _module_preset=&#8221;default&#8221; global_colors_info=&#8221;{}&#8221;][et_pb_column type=&#8221;4_4&#8243; _builder_version=&#8221;4.19.4&#8243; _module_preset=&#8221;default&#8221; global_colors_info=&#8221;{}&#8221;][et_pb_image src=&#8221;https:\/\/ollemarketing.com\/wp-content\/uploads\/2023\/01\/Algoritm-scaled.webp&#8221; alt=&#8221;SEO-matematiska algoritmer och ekvationer i vit text mot en gr\u00f6n bakgrund.&#8221; title_text=&#8221;seo-matematiska-ekvationer-algoritmer&#8221; force_fullwidth=&#8221;on&#8221; _builder_version=&#8221;4.19.4&#8243; _module_preset=&#8221;default&#8221; module_alignment=&#8221;center&#8221; height=&#8221;571px&#8221; custom_margin=&#8221;-24px|||||&#8221; global_colors_info=&#8221;{}&#8221;][\/et_pb_image][et_pb_text _builder_version=&#8221;4.19.4&#8243; _module_preset=&#8221;default&#8221; custom_padding=&#8221;23px|||||&#8221; global_colors_info=&#8221;{}&#8221;]<\/p>\n<h2>L\u00e4nkarnas roll i SEO<\/h2>\n<p>[\/et_pb_text][et_pb_text _builder_version=&#8221;4.24.1&#8243; _module_preset=&#8221;default&#8221; custom_margin=&#8221;-20px||||false|false&#8221; global_colors_info=&#8221;{}&#8221;]<\/p>\n<p>Backlinks fungerar p\u00e5 samma s\u00e4tt som rekommendationer fr\u00e5n word-of-mouth. Rekommendationer fr\u00e5n andra m\u00e4nniskor \u00e4r en positiv indikator p\u00e5 en webbplats&#8217; auktoritet. Sj\u00e4lvrekommendationer \u00e4r d\u00e4remot inte en positiv indikator p\u00e5 auktoritet. Rekommendationer fr\u00e5n irrelevanta k\u00e4llor eller k\u00e4llor av l\u00e5g kvalitet \u00e4r heller inte en positiv indikator p\u00e5 auktoritet och kan till och med leda till att din webbplats flaggas av Google f\u00f6r spam.<\/p>\n<p>Detta \u00e4r anledningen till att <strong><a href=\"https:\/\/en.wikipedia.org\/wiki\/PageRank\" target=\"_blank\" rel=\"noopener\" title=\"PageRank\">PageRank <\/a><\/strong>utvecklades. PageRank \u00e4r en algoritm f\u00f6r l\u00e4nkanalys som \u00e4r en central del av Googles algoritm. PageRank bed\u00f6mer betydelsen av en webbsida genom att m\u00e4ta kvaliteten och kvantiteten av l\u00e4nkar som pekar p\u00e5 den. Antagandet \u00e4r att en mer relevant, meningsfull och p\u00e5litlig webbplats kommer att f\u00e5 fler l\u00e4nkar.<\/p>\n<p>Ju fler organiska backlinks du har fr\u00e5n webbplatser med h\u00f6g auktoritet (betrodda), desto b\u00e4ttre \u00e4r dina chanser att rankas h\u00f6gre i s\u00f6kresultaten.<\/p>\n<p>[\/et_pb_text][\/et_pb_column][\/et_pb_row][et_pb_row _builder_version=&#8221;4.19.4&#8243; _module_preset=&#8221;default&#8221; custom_margin=&#8221;-15px||||false|false&#8221; global_colors_info=&#8221;{}&#8221;][et_pb_column type=&#8221;4_4&#8243; _builder_version=&#8221;4.19.4&#8243; _module_preset=&#8221;default&#8221; global_colors_info=&#8221;{}&#8221;][et_pb_text _builder_version=&#8221;4.19.4&#8243; _module_preset=&#8221;default&#8221; global_colors_info=&#8221;{}&#8221;]<\/p>\n<h2>Inneh\u00e5llets roll i SEO<\/h2>\n<p>[\/et_pb_text][et_pb_text _builder_version=&#8221;4.24.1&#8243; _module_preset=&#8221;default&#8221; custom_margin=&#8221;-30px||||false|false&#8221; global_colors_info=&#8221;{}&#8221;]<\/p>\n<p>L\u00e4nkar tj\u00e4nar bara sitt syfte om de leder till inneh\u00e5ll som \u00e4r relevant f\u00f6r anv\u00e4ndaren av s\u00f6kmotorn. Inneh\u00e5llet kan best\u00e5 av mer \u00e4n bara ord, t.ex. videor, bilder eller annat.<\/p>\n<p>En viktig aspekt f\u00f6r att avg\u00f6ra en webbsidas ranking f\u00f6r en viss s\u00f6kning \u00e4r hur v\u00e4l inneh\u00e5llet p\u00e5 sidan st\u00e4mmer \u00f6verens med s\u00f6kningens syfte. Med andra ord, matchar sidan s\u00f6ktermerna och hj\u00e4lper den anv\u00e4ndaren att slutf\u00f6ra den uppgift som hon \/ han f\u00f6rs\u00f6kte utf\u00f6ra?<\/p>\n<p>Eftersom fokus ligger p\u00e5 anv\u00e4ndar v\u00e4nlighet finns det inga strikta riktlinjer f\u00f6r inneh\u00e5llets l\u00e4ngd, nyckelordsfrekvens eller anv\u00e4ndning av header-taggar. \u00c4ven om dessa faktorer kan p\u00e5verka en sidas s\u00f6kresultat b\u00f6r fokus ligga p\u00e5 de anv\u00e4ndare som l\u00e4ser inneh\u00e5llet.<\/p>\n<p>Det finns hundratals, om inte tusentals, rankingsignaler men de tre viktigaste har f\u00f6rblivit relativt konsekventa \u00f6ver tiden.<\/p>\n<ul>\n<li>Inkommande l\u00e4nkar till din webbplats<\/li>\n<li>Relevant och h\u00f6gkvalitativt inneh\u00e5ll<\/li>\n<li>RankBrain*<\/li>\n<\/ul>\n<p>&nbsp;<\/p>\n<p>[\/et_pb_text][et_pb_text _builder_version=&#8221;4.24.1&#8243; _module_preset=&#8221;default&#8221; custom_margin=&#8221;-40px||||false|false&#8221; global_colors_info=&#8221;{}&#8221;]<\/p>\n<h3>Vad \u00e4r RankBrain?<\/h3>\n<p>[\/et_pb_text][et_pb_text _builder_version=&#8221;4.24.1&#8243; _module_preset=&#8221;default&#8221; custom_margin=&#8221;-50px||||false|false&#8221; global_colors_info=&#8221;{}&#8221;]<\/p>\n<p><strong><br \/><\/strong><a href=\"https:\/\/backlinko.com\/google-rankbrain-seo\" target=\"_blank\" rel=\"noopener\"><strong>RankBrain<\/strong> <\/a>\u00e4r en viktig del av Googles k\u00e4rn-algoritm som anv\u00e4nder maskininl\u00e4rning, ett datorprogram som f\u00f6rb\u00e4ttrar sina f\u00f6ruts\u00e4gelser med tiden genom nya observationer och tr\u00e4ningsdata. Denna process av kontinuerligt l\u00e4rande s\u00e4kerst\u00e4ller att s\u00f6kresultaten st\u00e4ndigt f\u00f6rb\u00e4ttras.<\/p>\n<p>RankBrain kan urskilja n\u00e4r en l\u00e4gre rankad URL ger b\u00e4ttre resultat f\u00f6r anv\u00e4ndarna \u00e4n de h\u00f6gre rankade URL:erna. F\u00f6ljaktligen justerar den dessa resultat, fr\u00e4mjar de mer relevanta resultaten och nedv\u00e4rderar de mindre relevanta som en biprodukt.<\/p>\n<p>Eftersom Google kommer att forts\u00e4tta att f\u00f6rlita sig p\u00e5 RankBrain f\u00f6r att f\u00f6rb\u00e4ttra anv\u00e4ndarupplevelsen, \u00e4r det viktigt att prioritera att uppfylla anv\u00e4ndarens avsikt. Det inneb\u00e4r att tillhandah\u00e5lla b\u00e4sta m\u00f6jliga information och kunskap f\u00f6r anv\u00e4ndare som kan hamna p\u00e5 din sida.<\/p>\n<p>[\/et_pb_text][\/et_pb_column][\/et_pb_row][et_pb_row _builder_version=&#8221;4.19.5&#8243; _module_preset=&#8221;default&#8221; global_colors_info=&#8221;{}&#8221;][et_pb_column type=&#8221;4_4&#8243; _builder_version=&#8221;4.19.5&#8243; _module_preset=&#8221;default&#8221; global_colors_info=&#8221;{}&#8221;][et_pb_button button_url=&#8221;https:\/\/ollemarketing.com\/sv\/sokordsforskning\/&#8221; button_text=&#8221;Forts\u00e4tt till SEO kapitel 6&#8243; button_alignment=&#8221;left&#8221; _builder_version=&#8221;4.24.1&#8243; _module_preset=&#8221;default&#8221; transform_translate=&#8221;0px|5px&#8221; transform_translate_linked=&#8221;off&#8221; custom_padding=&#8221;12px|20px|12px|20px|true|false&#8221; box_shadow_style=&#8221;preset3&#8243; global_colors_info=&#8221;{}&#8221; box_shadow_blur__hover_enabled=&#8221;on|hover&#8221; box_shadow_blur__hover=&#8221;80px&#8221;][\/et_pb_button][\/et_pb_column][\/et_pb_row][\/et_pb_section]<\/p>\n","protected":false},"excerpt":{"rendered":"<p>L\u00e4r dig hur s\u00f6kmotorer rankar webbadresser och f\u00f6rb\u00e4ttra din webbplats synlighet. Optimera dina webbadresser med v\u00e5r expertguide redan idag!<\/p>\n","protected":false},"author":1,"featured_media":0,"parent":0,"menu_order":0,"comment_status":"closed","ping_status":"closed","template":"","meta":{"_et_pb_use_builder":"on","_et_pb_old_content":"","_et_gb_content_width":"","footnotes":""},"class_list":["post-987498851","page","type-page","status-publish","hentry"],"yoast_head":"<!-- This site is optimized with the Yoast SEO plugin v27.4 - https:\/\/yoast.com\/product\/yoast-seo-wordpress\/ -->\n<title>Hur rankar s\u00f6kmotorer URL:er? - Olle Marketing AB<\/title>\n<meta name=\"description\" content=\"L\u00e4r dig hur s\u00f6kmotorer rankar webbadresser och f\u00f6rb\u00e4ttra din webbplats synlighet. Optimera dina webbadresser med v\u00e5r expertguide redan idag!\" \/>\n<meta name=\"robots\" content=\"index, follow, max-snippet:-1, max-image-preview:large, max-video-preview:-1\" \/>\n<link rel=\"canonical\" href=\"https:\/\/ollemarketing.com\/sv\/hur-rankar-sokmotorer-urler\/\" \/>\n<meta property=\"og:locale\" content=\"sv_SE\" \/>\n<meta property=\"og:type\" content=\"article\" \/>\n<meta property=\"og:title\" content=\"Hur rankar s\u00f6kmotorer URL:er? - Olle Marketing AB\" \/>\n<meta property=\"og:description\" content=\"L\u00e4r dig hur s\u00f6kmotorer rankar webbadresser och f\u00f6rb\u00e4ttra din webbplats synlighet. Optimera dina webbadresser med v\u00e5r expertguide redan idag!\" \/>\n<meta property=\"og:url\" content=\"https:\/\/ollemarketing.com\/sv\/hur-rankar-sokmotorer-urler\/\" \/>\n<meta property=\"og:site_name\" content=\"Olle Marketing AB\" \/>\n<meta property=\"article:publisher\" content=\"https:\/\/www.facebook.com\/OlleMarketing\/\" \/>\n<meta property=\"article:modified_time\" content=\"2024-10-24T11:00:47+00:00\" \/>\n<meta property=\"og:image\" content=\"https:\/\/ollemarketing.com\/wp-content\/uploads\/2023\/02\/oolle-meta.png\" \/>\n\t<meta property=\"og:image:width\" content=\"1200\" \/>\n\t<meta property=\"og:image:height\" content=\"675\" \/>\n\t<meta property=\"og:image:type\" content=\"image\/png\" \/>\n<meta name=\"twitter:card\" content=\"summary_large_image\" \/>\n<meta name=\"twitter:label1\" content=\"Ber\u00e4knad l\u00e4stid\" \/>\n\t<meta name=\"twitter:data1\" content=\"6 minuter\" \/>\n<script type=\"application\/ld+json\" class=\"yoast-schema-graph\">{\"@context\":\"https:\\\/\\\/schema.org\",\"@graph\":[{\"@type\":\"WebPage\",\"@id\":\"https:\\\/\\\/ollemarketing.com\\\/sv\\\/hur-rankar-sokmotorer-urler\\\/\",\"url\":\"https:\\\/\\\/ollemarketing.com\\\/sv\\\/hur-rankar-sokmotorer-urler\\\/\",\"name\":\"Hur rankar s\u00f6kmotorer URL:er? - Olle Marketing AB\",\"isPartOf\":{\"@id\":\"https:\\\/\\\/ollemarketing.com\\\/sv\\\/#website\"},\"datePublished\":\"2023-01-25T17:04:39+00:00\",\"dateModified\":\"2024-10-24T11:00:47+00:00\",\"description\":\"L\u00e4r dig hur s\u00f6kmotorer rankar webbadresser och f\u00f6rb\u00e4ttra din webbplats synlighet. Optimera dina webbadresser med v\u00e5r expertguide redan idag!\",\"breadcrumb\":{\"@id\":\"https:\\\/\\\/ollemarketing.com\\\/sv\\\/hur-rankar-sokmotorer-urler\\\/#breadcrumb\"},\"inLanguage\":\"sv-SE\",\"potentialAction\":[{\"@type\":\"ReadAction\",\"target\":[\"https:\\\/\\\/ollemarketing.com\\\/sv\\\/hur-rankar-sokmotorer-urler\\\/\"]}]},{\"@type\":\"BreadcrumbList\",\"@id\":\"https:\\\/\\\/ollemarketing.com\\\/sv\\\/hur-rankar-sokmotorer-urler\\\/#breadcrumb\",\"itemListElement\":[{\"@type\":\"ListItem\",\"position\":1,\"name\":\"Home\",\"item\":\"https:\\\/\\\/ollemarketing.com\\\/sv\\\/\"},{\"@type\":\"ListItem\",\"position\":2,\"name\":\"Hur rankar s\u00f6kmotorer URL:er?\"}]},{\"@type\":\"WebSite\",\"@id\":\"https:\\\/\\\/ollemarketing.com\\\/sv\\\/#website\",\"url\":\"https:\\\/\\\/ollemarketing.com\\\/sv\\\/\",\"name\":\"Olle Marketing AB\",\"description\":\"SEO and Digital Marketing\",\"publisher\":{\"@id\":\"https:\\\/\\\/ollemarketing.com\\\/sv\\\/#organization\"},\"potentialAction\":[{\"@type\":\"SearchAction\",\"target\":{\"@type\":\"EntryPoint\",\"urlTemplate\":\"https:\\\/\\\/ollemarketing.com\\\/sv\\\/?s={search_term_string}\"},\"query-input\":{\"@type\":\"PropertyValueSpecification\",\"valueRequired\":true,\"valueName\":\"search_term_string\"}}],\"inLanguage\":\"sv-SE\"},{\"@type\":\"Organization\",\"@id\":\"https:\\\/\\\/ollemarketing.com\\\/sv\\\/#organization\",\"name\":\"Olle Marketing AB\",\"alternateName\":\"Olle Marketing\",\"url\":\"https:\\\/\\\/ollemarketing.com\\\/sv\\\/\",\"logo\":{\"@type\":\"ImageObject\",\"inLanguage\":\"sv-SE\",\"@id\":\"https:\\\/\\\/ollemarketing.com\\\/sv\\\/#\\\/schema\\\/logo\\\/image\\\/\",\"url\":\"https:\\\/\\\/ollemarketing.com\\\/wp-content\\\/uploads\\\/2026\\\/02\\\/Original-1-scaled.png\",\"contentUrl\":\"https:\\\/\\\/ollemarketing.com\\\/wp-content\\\/uploads\\\/2026\\\/02\\\/Original-1-scaled.png\",\"width\":2560,\"height\":2560,\"caption\":\"Olle Marketing AB\"},\"image\":{\"@id\":\"https:\\\/\\\/ollemarketing.com\\\/sv\\\/#\\\/schema\\\/logo\\\/image\\\/\"},\"sameAs\":[\"https:\\\/\\\/www.facebook.com\\\/OlleMarketing\\\/\"]}]}<\/script>\n<!-- \/ Yoast SEO plugin. -->","yoast_head_json":{"title":"Hur rankar s\u00f6kmotorer URL:er? - Olle Marketing AB","description":"L\u00e4r dig hur s\u00f6kmotorer rankar webbadresser och f\u00f6rb\u00e4ttra din webbplats synlighet. Optimera dina webbadresser med v\u00e5r expertguide redan idag!","robots":{"index":"index","follow":"follow","max-snippet":"max-snippet:-1","max-image-preview":"max-image-preview:large","max-video-preview":"max-video-preview:-1"},"canonical":"https:\/\/ollemarketing.com\/sv\/hur-rankar-sokmotorer-urler\/","og_locale":"sv_SE","og_type":"article","og_title":"Hur rankar s\u00f6kmotorer URL:er? - Olle Marketing AB","og_description":"L\u00e4r dig hur s\u00f6kmotorer rankar webbadresser och f\u00f6rb\u00e4ttra din webbplats synlighet. Optimera dina webbadresser med v\u00e5r expertguide redan idag!","og_url":"https:\/\/ollemarketing.com\/sv\/hur-rankar-sokmotorer-urler\/","og_site_name":"Olle Marketing AB","article_publisher":"https:\/\/www.facebook.com\/OlleMarketing\/","article_modified_time":"2024-10-24T11:00:47+00:00","og_image":[{"width":1200,"height":675,"url":"https:\/\/ollemarketing.com\/wp-content\/uploads\/2023\/02\/oolle-meta.png","type":"image\/png"}],"twitter_card":"summary_large_image","twitter_misc":{"Ber\u00e4knad l\u00e4stid":"6 minuter"},"schema":{"@context":"https:\/\/schema.org","@graph":[{"@type":"WebPage","@id":"https:\/\/ollemarketing.com\/sv\/hur-rankar-sokmotorer-urler\/","url":"https:\/\/ollemarketing.com\/sv\/hur-rankar-sokmotorer-urler\/","name":"Hur rankar s\u00f6kmotorer URL:er? - Olle Marketing AB","isPartOf":{"@id":"https:\/\/ollemarketing.com\/sv\/#website"},"datePublished":"2023-01-25T17:04:39+00:00","dateModified":"2024-10-24T11:00:47+00:00","description":"L\u00e4r dig hur s\u00f6kmotorer rankar webbadresser och f\u00f6rb\u00e4ttra din webbplats synlighet. Optimera dina webbadresser med v\u00e5r expertguide redan idag!","breadcrumb":{"@id":"https:\/\/ollemarketing.com\/sv\/hur-rankar-sokmotorer-urler\/#breadcrumb"},"inLanguage":"sv-SE","potentialAction":[{"@type":"ReadAction","target":["https:\/\/ollemarketing.com\/sv\/hur-rankar-sokmotorer-urler\/"]}]},{"@type":"BreadcrumbList","@id":"https:\/\/ollemarketing.com\/sv\/hur-rankar-sokmotorer-urler\/#breadcrumb","itemListElement":[{"@type":"ListItem","position":1,"name":"Home","item":"https:\/\/ollemarketing.com\/sv\/"},{"@type":"ListItem","position":2,"name":"Hur rankar s\u00f6kmotorer URL:er?"}]},{"@type":"WebSite","@id":"https:\/\/ollemarketing.com\/sv\/#website","url":"https:\/\/ollemarketing.com\/sv\/","name":"Olle Marketing AB","description":"SEO and Digital Marketing","publisher":{"@id":"https:\/\/ollemarketing.com\/sv\/#organization"},"potentialAction":[{"@type":"SearchAction","target":{"@type":"EntryPoint","urlTemplate":"https:\/\/ollemarketing.com\/sv\/?s={search_term_string}"},"query-input":{"@type":"PropertyValueSpecification","valueRequired":true,"valueName":"search_term_string"}}],"inLanguage":"sv-SE"},{"@type":"Organization","@id":"https:\/\/ollemarketing.com\/sv\/#organization","name":"Olle Marketing AB","alternateName":"Olle Marketing","url":"https:\/\/ollemarketing.com\/sv\/","logo":{"@type":"ImageObject","inLanguage":"sv-SE","@id":"https:\/\/ollemarketing.com\/sv\/#\/schema\/logo\/image\/","url":"https:\/\/ollemarketing.com\/wp-content\/uploads\/2026\/02\/Original-1-scaled.png","contentUrl":"https:\/\/ollemarketing.com\/wp-content\/uploads\/2026\/02\/Original-1-scaled.png","width":2560,"height":2560,"caption":"Olle Marketing AB"},"image":{"@id":"https:\/\/ollemarketing.com\/sv\/#\/schema\/logo\/image\/"},"sameAs":["https:\/\/www.facebook.com\/OlleMarketing\/"]}]}},"_links":{"self":[{"href":"https:\/\/ollemarketing.com\/sv\/wp-json\/wp\/v2\/pages\/987498851","targetHints":{"allow":["GET"]}}],"collection":[{"href":"https:\/\/ollemarketing.com\/sv\/wp-json\/wp\/v2\/pages"}],"about":[{"href":"https:\/\/ollemarketing.com\/sv\/wp-json\/wp\/v2\/types\/page"}],"author":[{"embeddable":true,"href":"https:\/\/ollemarketing.com\/sv\/wp-json\/wp\/v2\/users\/1"}],"replies":[{"embeddable":true,"href":"https:\/\/ollemarketing.com\/sv\/wp-json\/wp\/v2\/comments?post=987498851"}],"version-history":[{"count":1,"href":"https:\/\/ollemarketing.com\/sv\/wp-json\/wp\/v2\/pages\/987498851\/revisions"}],"predecessor-version":[{"id":987500063,"href":"https:\/\/ollemarketing.com\/sv\/wp-json\/wp\/v2\/pages\/987498851\/revisions\/987500063"}],"wp:attachment":[{"href":"https:\/\/ollemarketing.com\/sv\/wp-json\/wp\/v2\/media?parent=987498851"}],"curies":[{"name":"wp","href":"https:\/\/api.w.org\/{rel}","templated":true}]}}