{"id":987498901,"date":"2023-02-07T16:43:20","date_gmt":"2023-02-07T15:43:20","guid":{"rendered":"https:\/\/ollemarketing.com\/vad-ar-seo-och-varfor-gora-seo\/"},"modified":"2024-10-24T12:51:38","modified_gmt":"2024-10-24T10:51:38","slug":"vad-ar-seo-och-varfor-gora-seo","status":"publish","type":"page","link":"https:\/\/ollemarketing.com\/sv\/vad-ar-seo-och-varfor-gora-seo\/","title":{"rendered":"Vad \u00e4r SEO och varf\u00f6r g\u00f6ra SEO"},"content":{"rendered":"<p>[et_pb_section fb_built=&#8221;1&#8243; _builder_version=&#8221;4.19.4&#8243; _module_preset=&#8221;default&#8221; background_color=&#8221;#FFFFFF&#8221; use_background_color_gradient=&#8221;on&#8221; background_color_gradient_direction=&#8221;90deg&#8221; background_color_gradient_stops=&#8221;rgba(0,0,0,0.82) 0%|rgba(0,0,0,0.22) 100%&#8221; background_color_gradient_overlays_image=&#8221;on&#8221; background_color_gradient_start=&#8221;rgba(0,0,0,0.82)&#8221; background_color_gradient_end=&#8221;rgba(0,0,0,0.22)&#8221; background_image=&#8221;https:\/\/ollemarketing.com\/wp-content\/uploads\/2023\/01\/AdobeStock_410611650-scaled.webp&#8221; custom_padding=&#8221;237px||326px|||&#8221; top_divider_height_tablet=&#8221;50px&#8221; top_divider_height_phone=&#8221;25px&#8221; top_divider_height_last_edited=&#8221;on|phone&#8221; bottom_divider_style=&#8221;asymmetric3&#8243; bottom_divider_color=&#8221;#FFFFFF&#8221; hover_enabled=&#8221;0&#8243; global_colors_info=&#8221;{}&#8221; sticky_enabled=&#8221;0&#8243;][et_pb_row _builder_version=&#8221;4.16&#8243; _module_preset=&#8221;default&#8221; custom_padding=&#8221;10px|||||&#8221; global_colors_info=&#8221;{}&#8221;][et_pb_column type=&#8221;4_4&#8243; _builder_version=&#8221;4.16&#8243; _module_preset=&#8221;default&#8221; global_colors_info=&#8221;{}&#8221;][et_pb_text _builder_version=&#8221;4.20.1&#8243; _module_preset=&#8221;default&#8221; text_text_color=&#8221;#E5E5E5&#8243; text_font_size=&#8221;30px&#8221; header_font_size=&#8221;100px&#8221; width=&#8221;100%&#8221; min_height=&#8221;83.8px&#8221; custom_margin=&#8221;|||0px||&#8221; custom_padding=&#8221;0px|1px|10px|||&#8221; global_colors_info=&#8221;{}&#8221;]<\/p>\n<h1>Search Engine Optimization<\/h1>\n<p>#1 Vad \u00e4r SEO och varf\u00f6r skall du arbeta med det?<\/p>\n<p>[\/et_pb_text][\/et_pb_column][\/et_pb_row][\/et_pb_section][et_pb_section fb_built=&#8221;1&#8243; _builder_version=&#8221;4.19.4&#8243; _module_preset=&#8221;default&#8221; global_colors_info=&#8221;{}&#8221;][et_pb_row _builder_version=&#8221;4.19.4&#8243; _module_preset=&#8221;default&#8221; global_colors_info=&#8221;{}&#8221;][et_pb_column type=&#8221;4_4&#8243; _builder_version=&#8221;4.19.4&#8243; _module_preset=&#8221;default&#8221; global_colors_info=&#8221;{}&#8221;][et_pb_text _builder_version=&#8221;4.27.0&#8243; _module_preset=&#8221;default&#8221; header_text_color=&#8221;#1C1C1C&#8221; hover_enabled=&#8221;0&#8243; global_colors_info=&#8221;{}&#8221; sticky_enabled=&#8221;0&#8243; header_2_font_size=&#8221;66px&#8221;]<\/p>\n<h2>Vad \u00e4r SEO och varf\u00f6r arbeta med SEO?<\/h2>\n<p>[\/et_pb_text][et_pb_text _builder_version=&#8221;4.24.1&#8243; _module_preset=&#8221;default&#8221; global_colors_info=&#8221;{}&#8221;]<\/p>\n<h2>Optimera din webbplats och g\u00f6r dina l\u00f6sningar synliga f\u00f6r kunder!<\/h2>\n<p>[\/et_pb_text][et_pb_text _builder_version=&#8221;4.24.1&#8243; _module_preset=&#8221;default&#8221; custom_margin=&#8221;-15px||||false|false&#8221; global_colors_info=&#8221;{}&#8221;]<\/p>\n<p>S\u00f6kmotoroptimering (SEO) \u00e4r en process f\u00f6r att optimera din webbplats. M\u00e5let \u00e4r att f\u00f6rb\u00e4ttra din ranking i s\u00f6kresultaten och f\u00e5 mer organisk (icke-betald) trafik till din webbplats. SEO \u00e4r alla de \u00e5tg\u00e4rder du g\u00f6r f\u00f6r att Google och andra s\u00f6kmotorer ska betrakta din webbplats som en k\u00e4lla till v\u00e4rdefull information.<\/p>\n<p>S\u00f6kmotorerna anv\u00e4nds av oss m\u00e4nniskor n\u00e4r vi s\u00f6ker efter n\u00e5got p\u00e5 Internet. Genom din webbplats ger du svar p\u00e5 dessa s\u00f6kningar. Eftersom s\u00f6kningar \u00e4r ett av de viktigaste s\u00e4tten f\u00f6r m\u00e4nniskor att hitta inneh\u00e5ll p\u00e5 n\u00e4tet kan en h\u00f6gre ranking i s\u00f6kmotorer leda till \u00f6kad trafik till din webbplats.<\/p>\n<p>[\/et_pb_text][et_pb_image src=&#8221;https:\/\/ollemarketing.com\/wp-content\/uploads\/2023\/01\/Blodhund-scaled.webp&#8221; alt=&#8221;Hund som s\u00f6ker i gr\u00e4set. Symboliska s\u00f6kmotorer arbetar med att s\u00f6ka.&#8221; title_text=&#8221;seo-sokande-hund&#8221; force_fullwidth=&#8221;on&#8221; _builder_version=&#8221;4.19.5&#8243; _module_preset=&#8221;default&#8221; height=&#8221;750px&#8221; custom_margin=&#8221;50px||||false|false&#8221; global_colors_info=&#8221;{}&#8221;][\/et_pb_image][\/et_pb_column][\/et_pb_row][et_pb_row _builder_version=&#8221;4.19.4&#8243; _module_preset=&#8221;default&#8221; custom_margin=&#8221;-26px||||false|false&#8221; global_colors_info=&#8221;{}&#8221;][et_pb_column type=&#8221;4_4&#8243; _builder_version=&#8221;4.19.4&#8243; _module_preset=&#8221;default&#8221; global_colors_info=&#8221;{}&#8221;][et_pb_text _builder_version=&#8221;4.24.1&#8243; _module_preset=&#8221;default&#8221; min_height=&#8221;72.4px&#8221; custom_margin=&#8221;40px||||false|false&#8221; custom_padding=&#8221;0px|||||&#8221; global_colors_info=&#8221;{}&#8221;]<\/p>\n<p>Ursprunget till SEO kan sp\u00e5ras tillbaka till 1990-talet, vilket sammanfaller med tillkomsten och framv\u00e4xten av s\u00f6kmotorer. Idag har SEO blivit en avg\u00f6rande taktik f\u00f6r marknadsf\u00f6ring och ett st\u00e4ndigt expanderande omr\u00e5de.<\/p>\n<p>SEO inneb\u00e4r att du optimerar inneh\u00e5llet p\u00e5 din webbplats s\u00e5 att s\u00f6kmotorer som Google visar det h\u00f6gst upp p\u00e5 sidan n\u00e4r n\u00e5gon s\u00f6ker efter n\u00e5got.<\/p>\n<p>Den st\u00f6rsta skillnaden mellan SEO och betald annonsering \u00e4r att SEO inneb\u00e4r &#8221;organisk&#8221; ranking. Du betalar allts\u00e5 inte annonspengar f\u00f6r att din webbplats ska hamna (ranka) p\u00e5 en specifik niv\u00e5 i s\u00f6kresultatet. S\u00f6kmotoroptimering fokuserar allts\u00e5 endast p\u00e5 organiska s\u00f6kresultat och omfattar inte PPC-optimering med pay-per-click. B\u00e5de SEO och PPC \u00e4r dock en del av s\u00f6kmotormarknadsf\u00f6ring.<\/p>\n<p>SEO handlar lika mycket om m\u00e4nniskor som om sj\u00e4lva s\u00f6kmotorerna. SEO handlar om att f\u00f6rst\u00e5 vad m\u00e4nniskor s\u00f6ker efter p\u00e5 n\u00e4tet, vilka svar de letar efter, vilka ord de anv\u00e4nder och vilken typ av inneh\u00e5ll de vill ta del av. Med den kunskapen kan du f\u00e5 kontakt med de personer som s\u00f6ker p\u00e5 n\u00e4tet efter de l\u00f6sningar du erbjuder.<\/p>\n<p>[\/et_pb_text][\/et_pb_column][\/et_pb_row][et_pb_row _builder_version=&#8221;4.19.4&#8243; _module_preset=&#8221;default&#8221; custom_margin=&#8221;-37px||||false|false&#8221; global_colors_info=&#8221;{}&#8221;][et_pb_column type=&#8221;4_4&#8243; _builder_version=&#8221;4.19.4&#8243; _module_preset=&#8221;default&#8221; global_colors_info=&#8221;{}&#8221;][et_pb_text _builder_version=&#8221;4.24.1&#8243; _module_preset=&#8221;default&#8221; custom_margin=&#8221;50px||||false|false&#8221; global_colors_info=&#8221;{}&#8221;]<\/p>\n<h2>Varf\u00f6r skall man arbeta med SEO?<\/h2>\n<p>[\/et_pb_text][et_pb_text _builder_version=&#8221;4.24.1&#8243; _module_preset=&#8221;default&#8221; custom_margin=&#8221;-15px||||false|false&#8221; global_colors_info=&#8221;{}&#8221;]<\/p>\n<p>S\u00f6kmotoroptimering \u00e4r en viktig del av onlinemarknadsf\u00f6ring eftersom s\u00f6kningar \u00e4r ett av de viktigaste s\u00e4tten f\u00f6r anv\u00e4ndare att navigera p\u00e5 webben. Det spelar ingen roll om du s\u00e4ljer en produkt eller tj\u00e4nst, skriver en blogg eller n\u00e5got annat. S\u00f6kmotoroptimering \u00e4r ett m\u00e5ste f\u00f6r alla webbplats\u00e4gare.<\/p>\n<p>\u00c4ven om betald annonsering, sociala medier och andra onlineplattformar kan generera trafik till webbplatser, drivs den st\u00f6rsta delen av onlinetrafiken av s\u00f6kmotorer.<\/p>\n<p>Organiska s\u00f6kresultat t\u00e4cker mer digital yta, verkar mer trov\u00e4rdiga f\u00f6r kunniga s\u00f6kare och f\u00e5r betydligt fler klick \u00e4n betalda annonser.<\/p>\n<p>Om man inte syns h\u00f6gt upp i Googles s\u00f6kresultat \u00e4r det oerh\u00f6rt sv\u00e5rt att n\u00e5 ut i bruset bland konkurrenterna. Detta \u00e4r ett faktum f\u00f6r f\u00f6retag och organisationer \u00f6ver hela v\u00e4rlden och i de allra flesta branscher.<\/p>\n<p>Varum\u00e4rken beh\u00f6ver SEO i f\u00f6rsta hand, eftersom det \u00e4r det mest h\u00e5llbara och kostnadseffektiva s\u00e4ttet att b\u00e5de f\u00f6rst\u00e5 och n\u00e5 ut till kunderna i de avg\u00f6rande \u00f6gonblicken. SEO \u00e4r det mest h\u00e5llbara och kostnadseffektiva s\u00e4ttet att b\u00e5de f\u00f6rst\u00e5 och n\u00e5 kunderna.<\/p>\n<p>SEO \u00e4r ocks\u00e5 ett av de enda marknadsf\u00f6ringsinitiativ p\u00e5 n\u00e4tet som, n\u00e4r det \u00e4r korrekt utformat, kan forts\u00e4tta att ge utdelning \u00f6ver tid. Om du tillhandah\u00e5ller ett gediget inneh\u00e5ll som f\u00f6rtj\u00e4nar att rankas f\u00f6r r\u00e4tt nyckelord kan din webbtrafik \u00f6ka med tiden. Annonsering d\u00e4remot kr\u00e4ver kontinuerlig finansiering f\u00f6r att skicka trafik till din webbplats.<\/p>\n<p>[\/et_pb_text][et_pb_image src=&#8221;https:\/\/ollemarketing.com\/wp-content\/uploads\/2023\/01\/Bild-2-CTR-vs-exact-position.jpg&#8221; alt=&#8221;Klickfrekvens kontra exakt rankingposition p\u00e5 Google. Ju h\u00f6gre CTR desto h\u00f6gre Google-ranking.&#8221; title_text=&#8221;diagram-ctr-vs-exakt-ranking-position&#8221; _builder_version=&#8221;4.19.5&#8243; _module_preset=&#8221;default&#8221; custom_margin=&#8221;-20px||||false|false&#8221; global_colors_info=&#8221;{}&#8221;][\/et_pb_image][et_pb_text _builder_version=&#8221;4.24.1&#8243; _module_preset=&#8221;default&#8221; custom_margin=&#8221;60px||||false|false&#8221; global_colors_info=&#8221;{}&#8221;]<\/p>\n<p>S\u00f6kmotorerna presenterar resultaten i en strukturerad lista; ju h\u00f6gre upp i listan din webbplats hamnar, desto mer trafik kommer den sannolikt att f\u00e5. Vanligtvis f\u00e5r den h\u00f6gst rankade webbplatsen f\u00f6r en s\u00f6kfr\u00e5ga mellan 40-60% av den totala trafiken, medan de andra och tredje rankade webbplatserna f\u00e5r mycket mindre trafik. Noterbart \u00e4r att endast en minimal andel av s\u00f6karna g\u00e5r l\u00e4ngre \u00e4n till den f\u00f6rsta sidan med s\u00f6kresultat, ca 2-3%.<\/p>\n<p>D\u00e4rf\u00f6r kan \u00e4ven en mindre f\u00f6rb\u00e4ttring av s\u00f6kmotorrankingen leda till en betydande \u00f6kning av trafiken och aff\u00e4rsm\u00f6jligheterna f\u00f6r en webbplats.<\/p>\n<p>[\/et_pb_text][\/et_pb_column][\/et_pb_row][et_pb_row _builder_version=&#8221;4.19.5&#8243; _module_preset=&#8221;default&#8221; global_colors_info=&#8221;{}&#8221;][et_pb_column type=&#8221;4_4&#8243; _builder_version=&#8221;4.19.5&#8243; _module_preset=&#8221;default&#8221; global_colors_info=&#8221;{}&#8221;][et_pb_button button_url=&#8221;https:\/\/ollemarketing.com\/sv\/?page_id=987498893&#8243; button_text=&#8221;Forts\u00e4tt till SEO kapitel 2&#8243; button_alignment=&#8221;left&#8221; _builder_version=&#8221;4.19.5&#8243; _module_preset=&#8221;default&#8221; transform_translate=&#8221;0px|5px&#8221; transform_translate_linked=&#8221;off&#8221; custom_padding=&#8221;12px|20px|12px|20px|true|false&#8221; box_shadow_style=&#8221;preset3&#8243; global_colors_info=&#8221;{}&#8221; box_shadow_blur__hover_enabled=&#8221;on|hover&#8221; box_shadow_blur__hover=&#8221;80px&#8221;][\/et_pb_button][\/et_pb_column][\/et_pb_row][\/et_pb_section]<\/p>\n","protected":false},"excerpt":{"rendered":"<p>L\u00e4r dig grunderna i SEO och varf\u00f6r det \u00e4r avg\u00f6rande f\u00f6r att din webbplats ska bli framg\u00e5ngsrik. Kom ig\u00e5ng med att f\u00f6rb\u00e4ttra din ranking i s\u00f6kmotorerna redan idag.<\/p>\n","protected":false},"author":1,"featured_media":0,"parent":0,"menu_order":0,"comment_status":"closed","ping_status":"closed","template":"","meta":{"_et_pb_use_builder":"on","_et_pb_old_content":"","_et_gb_content_width":"","footnotes":""},"class_list":["post-987498901","page","type-page","status-publish","hentry"],"yoast_head":"<!-- This site is optimized with the Yoast SEO plugin v27.5 - https:\/\/yoast.com\/product\/yoast-seo-wordpress\/ -->\n<title>Vad \u00e4r SEO och varf\u00f6r g\u00f6ra SEO - Olle Marketing AB<\/title>\n<meta name=\"description\" content=\"L\u00e4r dig grunderna i SEO och varf\u00f6r det \u00e4r avg\u00f6rande f\u00f6r att din webbplats ska bli framg\u00e5ngsrik. Kom ig\u00e5ng med att f\u00f6rb\u00e4ttra din ranking i s\u00f6kmotorerna redan idag.\" \/>\n<meta name=\"robots\" content=\"index, follow, max-snippet:-1, max-image-preview:large, max-video-preview:-1\" \/>\n<link rel=\"canonical\" href=\"https:\/\/ollemarketing.com\/sv\/vad-ar-seo-och-varfor-gora-seo\/\" \/>\n<meta property=\"og:locale\" content=\"sv_SE\" \/>\n<meta property=\"og:type\" content=\"article\" \/>\n<meta property=\"og:title\" content=\"Vad \u00e4r SEO och varf\u00f6r g\u00f6ra SEO - Olle Marketing AB\" \/>\n<meta property=\"og:description\" content=\"L\u00e4r dig grunderna i SEO och varf\u00f6r det \u00e4r avg\u00f6rande f\u00f6r att din webbplats ska bli framg\u00e5ngsrik. Kom ig\u00e5ng med att f\u00f6rb\u00e4ttra din ranking i s\u00f6kmotorerna redan idag.\" \/>\n<meta property=\"og:url\" content=\"https:\/\/ollemarketing.com\/sv\/vad-ar-seo-och-varfor-gora-seo\/\" \/>\n<meta property=\"og:site_name\" content=\"Olle Marketing AB\" \/>\n<meta property=\"article:publisher\" content=\"https:\/\/www.facebook.com\/OlleMarketing\/\" \/>\n<meta property=\"article:modified_time\" content=\"2024-10-24T10:51:38+00:00\" \/>\n<meta property=\"og:image\" content=\"https:\/\/ollemarketing.com\/wp-content\/uploads\/2023\/02\/oolle-meta.png\" \/>\n\t<meta property=\"og:image:width\" content=\"1200\" \/>\n\t<meta property=\"og:image:height\" content=\"675\" \/>\n\t<meta property=\"og:image:type\" content=\"image\/png\" \/>\n<meta name=\"twitter:card\" content=\"summary_large_image\" \/>\n<meta name=\"twitter:label1\" content=\"Ber\u00e4knad l\u00e4stid\" \/>\n\t<meta name=\"twitter:data1\" content=\"7 minuter\" \/>\n<script type=\"application\/ld+json\" class=\"yoast-schema-graph\">{\"@context\":\"https:\\\/\\\/schema.org\",\"@graph\":[{\"@type\":\"WebPage\",\"@id\":\"https:\\\/\\\/ollemarketing.com\\\/sv\\\/vad-ar-seo-och-varfor-gora-seo\\\/\",\"url\":\"https:\\\/\\\/ollemarketing.com\\\/sv\\\/vad-ar-seo-och-varfor-gora-seo\\\/\",\"name\":\"Vad \u00e4r SEO och varf\u00f6r g\u00f6ra SEO - Olle Marketing AB\",\"isPartOf\":{\"@id\":\"https:\\\/\\\/ollemarketing.com\\\/sv\\\/#website\"},\"datePublished\":\"2023-02-07T15:43:20+00:00\",\"dateModified\":\"2024-10-24T10:51:38+00:00\",\"description\":\"L\u00e4r dig grunderna i SEO och varf\u00f6r det \u00e4r avg\u00f6rande f\u00f6r att din webbplats ska bli framg\u00e5ngsrik. Kom ig\u00e5ng med att f\u00f6rb\u00e4ttra din ranking i s\u00f6kmotorerna redan idag.\",\"breadcrumb\":{\"@id\":\"https:\\\/\\\/ollemarketing.com\\\/sv\\\/vad-ar-seo-och-varfor-gora-seo\\\/#breadcrumb\"},\"inLanguage\":\"sv-SE\",\"potentialAction\":[{\"@type\":\"ReadAction\",\"target\":[\"https:\\\/\\\/ollemarketing.com\\\/sv\\\/vad-ar-seo-och-varfor-gora-seo\\\/\"]}]},{\"@type\":\"BreadcrumbList\",\"@id\":\"https:\\\/\\\/ollemarketing.com\\\/sv\\\/vad-ar-seo-och-varfor-gora-seo\\\/#breadcrumb\",\"itemListElement\":[{\"@type\":\"ListItem\",\"position\":1,\"name\":\"Home\",\"item\":\"https:\\\/\\\/ollemarketing.com\\\/sv\\\/\"},{\"@type\":\"ListItem\",\"position\":2,\"name\":\"Vad \u00e4r SEO och varf\u00f6r g\u00f6ra SEO\"}]},{\"@type\":\"WebSite\",\"@id\":\"https:\\\/\\\/ollemarketing.com\\\/sv\\\/#website\",\"url\":\"https:\\\/\\\/ollemarketing.com\\\/sv\\\/\",\"name\":\"Olle Marketing AB\",\"description\":\"SEO and Digital Marketing\",\"publisher\":{\"@id\":\"https:\\\/\\\/ollemarketing.com\\\/sv\\\/#organization\"},\"potentialAction\":[{\"@type\":\"SearchAction\",\"target\":{\"@type\":\"EntryPoint\",\"urlTemplate\":\"https:\\\/\\\/ollemarketing.com\\\/sv\\\/?s={search_term_string}\"},\"query-input\":{\"@type\":\"PropertyValueSpecification\",\"valueRequired\":true,\"valueName\":\"search_term_string\"}}],\"inLanguage\":\"sv-SE\"},{\"@type\":\"Organization\",\"@id\":\"https:\\\/\\\/ollemarketing.com\\\/sv\\\/#organization\",\"name\":\"Olle Marketing AB\",\"alternateName\":\"Olle Marketing\",\"url\":\"https:\\\/\\\/ollemarketing.com\\\/sv\\\/\",\"logo\":{\"@type\":\"ImageObject\",\"inLanguage\":\"sv-SE\",\"@id\":\"https:\\\/\\\/ollemarketing.com\\\/sv\\\/#\\\/schema\\\/logo\\\/image\\\/\",\"url\":\"https:\\\/\\\/ollemarketing.com\\\/wp-content\\\/uploads\\\/2026\\\/02\\\/Original-1-scaled.png\",\"contentUrl\":\"https:\\\/\\\/ollemarketing.com\\\/wp-content\\\/uploads\\\/2026\\\/02\\\/Original-1-scaled.png\",\"width\":2560,\"height\":2560,\"caption\":\"Olle Marketing AB\"},\"image\":{\"@id\":\"https:\\\/\\\/ollemarketing.com\\\/sv\\\/#\\\/schema\\\/logo\\\/image\\\/\"},\"sameAs\":[\"https:\\\/\\\/www.facebook.com\\\/OlleMarketing\\\/\"]}]}<\/script>\n<!-- \/ Yoast SEO plugin. -->","yoast_head_json":{"title":"Vad \u00e4r SEO och varf\u00f6r g\u00f6ra SEO - Olle Marketing AB","description":"L\u00e4r dig grunderna i SEO och varf\u00f6r det \u00e4r avg\u00f6rande f\u00f6r att din webbplats ska bli framg\u00e5ngsrik. Kom ig\u00e5ng med att f\u00f6rb\u00e4ttra din ranking i s\u00f6kmotorerna redan idag.","robots":{"index":"index","follow":"follow","max-snippet":"max-snippet:-1","max-image-preview":"max-image-preview:large","max-video-preview":"max-video-preview:-1"},"canonical":"https:\/\/ollemarketing.com\/sv\/vad-ar-seo-och-varfor-gora-seo\/","og_locale":"sv_SE","og_type":"article","og_title":"Vad \u00e4r SEO och varf\u00f6r g\u00f6ra SEO - Olle Marketing AB","og_description":"L\u00e4r dig grunderna i SEO och varf\u00f6r det \u00e4r avg\u00f6rande f\u00f6r att din webbplats ska bli framg\u00e5ngsrik. Kom ig\u00e5ng med att f\u00f6rb\u00e4ttra din ranking i s\u00f6kmotorerna redan idag.","og_url":"https:\/\/ollemarketing.com\/sv\/vad-ar-seo-och-varfor-gora-seo\/","og_site_name":"Olle Marketing AB","article_publisher":"https:\/\/www.facebook.com\/OlleMarketing\/","article_modified_time":"2024-10-24T10:51:38+00:00","og_image":[{"width":1200,"height":675,"url":"https:\/\/ollemarketing.com\/wp-content\/uploads\/2023\/02\/oolle-meta.png","type":"image\/png"}],"twitter_card":"summary_large_image","twitter_misc":{"Ber\u00e4knad l\u00e4stid":"7 minuter"},"schema":{"@context":"https:\/\/schema.org","@graph":[{"@type":"WebPage","@id":"https:\/\/ollemarketing.com\/sv\/vad-ar-seo-och-varfor-gora-seo\/","url":"https:\/\/ollemarketing.com\/sv\/vad-ar-seo-och-varfor-gora-seo\/","name":"Vad \u00e4r SEO och varf\u00f6r g\u00f6ra SEO - Olle Marketing AB","isPartOf":{"@id":"https:\/\/ollemarketing.com\/sv\/#website"},"datePublished":"2023-02-07T15:43:20+00:00","dateModified":"2024-10-24T10:51:38+00:00","description":"L\u00e4r dig grunderna i SEO och varf\u00f6r det \u00e4r avg\u00f6rande f\u00f6r att din webbplats ska bli framg\u00e5ngsrik. Kom ig\u00e5ng med att f\u00f6rb\u00e4ttra din ranking i s\u00f6kmotorerna redan idag.","breadcrumb":{"@id":"https:\/\/ollemarketing.com\/sv\/vad-ar-seo-och-varfor-gora-seo\/#breadcrumb"},"inLanguage":"sv-SE","potentialAction":[{"@type":"ReadAction","target":["https:\/\/ollemarketing.com\/sv\/vad-ar-seo-och-varfor-gora-seo\/"]}]},{"@type":"BreadcrumbList","@id":"https:\/\/ollemarketing.com\/sv\/vad-ar-seo-och-varfor-gora-seo\/#breadcrumb","itemListElement":[{"@type":"ListItem","position":1,"name":"Home","item":"https:\/\/ollemarketing.com\/sv\/"},{"@type":"ListItem","position":2,"name":"Vad \u00e4r SEO och varf\u00f6r g\u00f6ra SEO"}]},{"@type":"WebSite","@id":"https:\/\/ollemarketing.com\/sv\/#website","url":"https:\/\/ollemarketing.com\/sv\/","name":"Olle Marketing AB","description":"SEO and Digital Marketing","publisher":{"@id":"https:\/\/ollemarketing.com\/sv\/#organization"},"potentialAction":[{"@type":"SearchAction","target":{"@type":"EntryPoint","urlTemplate":"https:\/\/ollemarketing.com\/sv\/?s={search_term_string}"},"query-input":{"@type":"PropertyValueSpecification","valueRequired":true,"valueName":"search_term_string"}}],"inLanguage":"sv-SE"},{"@type":"Organization","@id":"https:\/\/ollemarketing.com\/sv\/#organization","name":"Olle Marketing AB","alternateName":"Olle Marketing","url":"https:\/\/ollemarketing.com\/sv\/","logo":{"@type":"ImageObject","inLanguage":"sv-SE","@id":"https:\/\/ollemarketing.com\/sv\/#\/schema\/logo\/image\/","url":"https:\/\/ollemarketing.com\/wp-content\/uploads\/2026\/02\/Original-1-scaled.png","contentUrl":"https:\/\/ollemarketing.com\/wp-content\/uploads\/2026\/02\/Original-1-scaled.png","width":2560,"height":2560,"caption":"Olle Marketing AB"},"image":{"@id":"https:\/\/ollemarketing.com\/sv\/#\/schema\/logo\/image\/"},"sameAs":["https:\/\/www.facebook.com\/OlleMarketing\/"]}]}},"_links":{"self":[{"href":"https:\/\/ollemarketing.com\/sv\/wp-json\/wp\/v2\/pages\/987498901","targetHints":{"allow":["GET"]}}],"collection":[{"href":"https:\/\/ollemarketing.com\/sv\/wp-json\/wp\/v2\/pages"}],"about":[{"href":"https:\/\/ollemarketing.com\/sv\/wp-json\/wp\/v2\/types\/page"}],"author":[{"embeddable":true,"href":"https:\/\/ollemarketing.com\/sv\/wp-json\/wp\/v2\/users\/1"}],"replies":[{"embeddable":true,"href":"https:\/\/ollemarketing.com\/sv\/wp-json\/wp\/v2\/comments?post=987498901"}],"version-history":[{"count":1,"href":"https:\/\/ollemarketing.com\/sv\/wp-json\/wp\/v2\/pages\/987498901\/revisions"}],"predecessor-version":[{"id":987500058,"href":"https:\/\/ollemarketing.com\/sv\/wp-json\/wp\/v2\/pages\/987498901\/revisions\/987500058"}],"wp:attachment":[{"href":"https:\/\/ollemarketing.com\/sv\/wp-json\/wp\/v2\/media?parent=987498901"}],"curies":[{"name":"wp","href":"https:\/\/api.w.org\/{rel}","templated":true}]}}